{"id":1239,"date":"2021-05-07T10:33:09","date_gmt":"2021-05-07T08:33:09","guid":{"rendered":"http:\/\/xn--frauenrztinnen-kpenick-54b65b.de\/new\/?page_id=1239"},"modified":"2021-11-04T10:23:39","modified_gmt":"2021-11-04T09:23:39","slug":"hinweise-fuer-impfangebot-gegen-covod-19","status":"publish","type":"page","link":"https:\/\/xn--frauenrztinnen-kpenick-54b65b.de\/new\/angebote\/hinweise-fuer-impfangebot-gegen-covod-19\/","title":{"rendered":"Impfangebot gegen Covid 19"},"content":{"rendered":"<p style=\"font-weight: 400;\">Wenn Sie schwanger sind oder gerade entbunden haben und ggf. stillen<strong>\u00a0und\u00a0<\/strong>eine Corona Impfung mit Biontech w\u00fcnschen,<strong>\u00a0dann wenden Sie sich bitte pers\u00f6nlich oder per Mail an die Praxis\u00a0<a href=\"mailto:info@frauen%C3%A4rztinnen-k%C3%B6penick.de\">info@frauen\u00e4rztinnen-k\u00f6penick.de<\/a>, um einen Termin zu vereinbaren.<\/strong><\/p>\n<p style=\"font-weight: 400;\">Andere Patientinnen k\u00f6nnen in unserer Praxis leider nicht mehr geimpft werden.<\/p>\n<p style=\"font-weight: 400;\">\u00a0Wenn Sie f\u00fcr eine Impfung zu uns kommen, bringen Sie bitte\u00a0sowohl das Aufkl\u00e4rungsmerkblatt als auch den Anamnese- und Einwilligungsbogen\u00a0vom RKI (Robert Koch-Institut) mit, sonst k\u00f6nnen wir eine Impfung zum vereinbarten Termin nicht gew\u00e4hrleisten.<\/p>\n<p><a href=\"https:\/\/www.rki.de\/DE\/Content\/Infekt\/Impfen\/ImpfungenAZ\/COVID-19\/Aufklaerungsbogen-Tab.html\" target=\"_blank\">https:\/\/www.rki.de\/DE\/Content\/Infekt\/Impfen\/ImpfungenAZ\/COVID-19\/Aufklaerungsbogen-Tab.html<\/a><\/p>\n<p>&nbsp;<\/p>\n<p>&nbsp;<\/p>\n","protected":false},"excerpt":{"rendered":"<p>Wenn Sie schwanger sind oder gerade entbunden haben und ggf. stillen\u00a0und\u00a0eine Corona Impfung mit Biontech w\u00fcnschen,\u00a0dann wenden Sie sich bitte pers\u00f6nlich oder per Mail an die Praxis\u00a0info@frauen\u00e4rztinnen-k\u00f6penick.de, um einen Termin zu vereinbaren. Andere Patientinnen k\u00f6nnen in unserer Praxis leider nicht mehr geimpft werden. \u00a0Wenn Sie f\u00fcr eine Impfung zu uns kommen, bringen Sie bitte\u00a0sowohl das [&hellip;]<\/p>\n","protected":false},"author":2,"featured_media":0,"parent":691,"menu_order":0,"comment_status":"closed","ping_status":"closed","template":"page_no_image.php","meta":{"footnotes":""},"_links":{"self":[{"href":"https:\/\/xn--frauenrztinnen-kpenick-54b65b.de\/new\/wp-json\/wp\/v2\/pages\/1239"}],"collection":[{"href":"https:\/\/xn--frauenrztinnen-kpenick-54b65b.de\/new\/wp-json\/wp\/v2\/pages"}],"about":[{"href":"https:\/\/xn--frauenrztinnen-kpenick-54b65b.de\/new\/wp-json\/wp\/v2\/types\/page"}],"author":[{"embeddable":true,"href":"https:\/\/xn--frauenrztinnen-kpenick-54b65b.de\/new\/wp-json\/wp\/v2\/users\/2"}],"replies":[{"embeddable":true,"href":"https:\/\/xn--frauenrztinnen-kpenick-54b65b.de\/new\/wp-json\/wp\/v2\/comments?post=1239"}],"version-history":[{"count":29,"href":"https:\/\/xn--frauenrztinnen-kpenick-54b65b.de\/new\/wp-json\/wp\/v2\/pages\/1239\/revisions"}],"predecessor-version":[{"id":1359,"href":"https:\/\/xn--frauenrztinnen-kpenick-54b65b.de\/new\/wp-json\/wp\/v2\/pages\/1239\/revisions\/1359"}],"up":[{"embeddable":true,"href":"https:\/\/xn--frauenrztinnen-kpenick-54b65b.de\/new\/wp-json\/wp\/v2\/pages\/691"}],"wp:attachment":[{"href":"https:\/\/xn--frauenrztinnen-kpenick-54b65b.de\/new\/wp-json\/wp\/v2\/media?parent=1239"}],"curies":[{"name":"wp","href":"https:\/\/api.w.org\/{rel}","templated":true}]}}