{"id":129,"date":"2015-07-20T15:16:19","date_gmt":"2015-07-20T13:16:19","guid":{"rendered":"http:\/\/xn--frauenrztinnen-kpenick-54b65b.de\/new\/?page_id=129"},"modified":"2025-08-19T12:58:41","modified_gmt":"2025-08-19T10:58:41","slug":"konfliktschwangerschaft","status":"publish","type":"page","link":"https:\/\/xn--frauenrztinnen-kpenick-54b65b.de\/new\/gynaekologie\/konfliktschwangerschaft\/","title":{"rendered":"Schwangerschaftsabbruch"},"content":{"rendered":"<p>Ungewollt schwanger zu sein, kann viele Gef\u00fchle hervorrufen wie Freude und Erwartung, aber auch Angst und Unsicherheit. Die Planung f\u00fcr das weitere Leben ger\u00e4t aus den unterschiedlichsten Gr\u00fcnden ins Wanken. <!--more--><br \/>\nEiner der ersten Schritte, der Ihnen bei der Entscheidungsfindung helfen wird, ist der Gang in eine der staatlich zugelassenen Beratungsstellen. Dort k\u00f6nnen Sie in einem ausf\u00fchrlichen Gespr\u00e4ch mit einer kompetenten Beraterin<br \/>\nalle ihre Gedanken, Bedenken und Fragen zu der Schwangerschaft besprechen.<\/p>\n<p>Gleichzeitig vereinbaren Sie einen Termin bei uns, wir lassen Sie in dieser Situation nicht allein.<br \/>\n<strong>Am Besten schreiben Sie uns eine Mail, damit wir schnell einen Termin f\u00fcr Sie finden k\u00f6nnen.<\/strong><\/p>\n<p>&nbsp;<\/p>\n<p><strong>Beratungsstellen finden Sie:<\/strong><\/p>\n<p><a href=\"http:\/\/www.berlin.de\/sen\/gesundheit\/themen\/schwangerschaft-und-kindergesundheit\/schwangerschaft-und-familienplanung\/schwangerschaftskonfliktberatung\">www.berlin.de\/sen\/gesundheit\/themen\/schwangerschaft-und-kindergesundheit\/schwangerschaft-und-familienplanung\/schwangerschaftskonfliktberatung<\/a><\/p>\n<p>&nbsp;<\/p>\n<p><strong>\u00c4rztinnen, die Schwangerschaftsabbr\u00fcche durchf\u00fchren finden Sie unter: <\/strong><\/p>\n<p>https:\/\/www.berlin.de\/sen\/gesundheit\/themen\/schwangerschaft-und-kindergesundheit\/schwangerschaft-und-familienplanung\/schwangerschaftskonfliktberatung\/arztpraxen-fuer-schwangerschaftsabbrueche\/<\/p>\n<p>&nbsp;<\/p>\n<p><strong>Seri\u00f6se und umfassende Informationen entnehmen Sie der Brosch\u00fcre von \u201eProfamilia\u201c:<\/strong><\/p>\n<p><a href=\"http:\/\/www.profamilia.de\/erwachsene\/ungewollt-schwanger\">www.profamilia.de\/erwachsene\/ungewollt-schwanger<\/a><\/p>\n","protected":false},"excerpt":{"rendered":"<p>Ungewollt schwanger zu sein, kann viele Gef\u00fchle hervorrufen wie Freude und Erwartung, aber auch Angst und Unsicherheit. Die Planung f\u00fcr das weitere Leben ger\u00e4t aus den unterschiedlichsten Gr\u00fcnden ins Wanken.<\/p>\n","protected":false},"author":2,"featured_media":0,"parent":5,"menu_order":57,"comment_status":"open","ping_status":"open","template":"page_no_image.php","meta":{"footnotes":""},"_links":{"self":[{"href":"https:\/\/xn--frauenrztinnen-kpenick-54b65b.de\/new\/wp-json\/wp\/v2\/pages\/129"}],"collection":[{"href":"https:\/\/xn--frauenrztinnen-kpenick-54b65b.de\/new\/wp-json\/wp\/v2\/pages"}],"about":[{"href":"https:\/\/xn--frauenrztinnen-kpenick-54b65b.de\/new\/wp-json\/wp\/v2\/types\/page"}],"author":[{"embeddable":true,"href":"https:\/\/xn--frauenrztinnen-kpenick-54b65b.de\/new\/wp-json\/wp\/v2\/users\/2"}],"replies":[{"embeddable":true,"href":"https:\/\/xn--frauenrztinnen-kpenick-54b65b.de\/new\/wp-json\/wp\/v2\/comments?post=129"}],"version-history":[{"count":14,"href":"https:\/\/xn--frauenrztinnen-kpenick-54b65b.de\/new\/wp-json\/wp\/v2\/pages\/129\/revisions"}],"predecessor-version":[{"id":1687,"href":"https:\/\/xn--frauenrztinnen-kpenick-54b65b.de\/new\/wp-json\/wp\/v2\/pages\/129\/revisions\/1687"}],"up":[{"embeddable":true,"href":"https:\/\/xn--frauenrztinnen-kpenick-54b65b.de\/new\/wp-json\/wp\/v2\/pages\/5"}],"wp:attachment":[{"href":"https:\/\/xn--frauenrztinnen-kpenick-54b65b.de\/new\/wp-json\/wp\/v2\/media?parent=129"}],"curies":[{"name":"wp","href":"https:\/\/api.w.org\/{rel}","templated":true}]}}