{"id":1419,"date":"2022-09-09T12:13:33","date_gmt":"2022-09-09T10:13:33","guid":{"rendered":"http:\/\/xn--frauenrztinnen-kpenick-54b65b.de\/new\/?page_id=1419"},"modified":"2025-10-30T16:25:47","modified_gmt":"2025-10-30T15:25:47","slug":"dr-ina-siddiqui","status":"publish","type":"page","link":"https:\/\/xn--frauenrztinnen-kpenick-54b65b.de\/new\/praxis\/aerztinnen\/dr-ina-siddiqui\/","title":{"rendered":"Dr. med. Ina Siddiqui"},"content":{"rendered":"<p><a href=\"http:\/\/xn--frauenrztinnen-kpenick-54b65b.de\/new\/wp-content\/uploads\/2025\/10\/ina_9903-Kopie.jpg\"><img decoding=\"async\" loading=\"lazy\" class=\"alignnone wp-image-1742 size-medium\" src=\"http:\/\/xn--frauenrztinnen-kpenick-54b65b.de\/new\/wp-content\/uploads\/2025\/10\/ina_9903-Kopie-201x300.jpg\" alt=\"\" width=\"201\" height=\"300\" srcset=\"https:\/\/xn--frauenrztinnen-kpenick-54b65b.de\/new\/wp-content\/uploads\/2025\/10\/ina_9903-Kopie-201x300.jpg 201w, https:\/\/xn--frauenrztinnen-kpenick-54b65b.de\/new\/wp-content\/uploads\/2025\/10\/ina_9903-Kopie.jpg 477w\" sizes=\"(max-width: 201px) 100vw, 201px\" \/><\/a><\/p>\n<p>2006-2012 \u00a0 Studium der Humanmedizin an der Georg-August-Universit\u00e4t G\u00f6ttingen<\/p>\n<p>2013-2019\u00a0 \u00c4rztin in Weiterbildung f\u00fcr Gyn\u00e4kologie und Geburtshilfe im Helios Klinikum \u00a0Herzberg und Osterode<\/p>\n<p>2014\u00a0 Erlangung des Doktorgrades der Medizin<\/p>\n<p>2016 Dopplersonographie des fetomaternalen Gef\u00e4\u00dfsystems (DEGUM)<\/p>\n<p>2017 Psychosomatische Grundversorgung<\/p>\n<p>2019 Mammasonographie (DEGUM)<\/p>\n<p>2019-2022 \u00c4rztin in Weiterbildung f\u00fcr Gyn\u00e4kologie und Geburtshilfe im DRK Klinikum K\u00f6penick<\/p>\n<p>2021 Fach\u00e4rztin f\u00fcr Gyn\u00e4kologie und Geburtshilfe<\/p>\n<p>2022 Kolposkopiekurs nach den Richtlinien von AG CPC und BVF<\/p>\n<p>&nbsp;<\/p>\n<p><strong>Mitgliedschaften:<br \/>\n<\/strong>\u00c4rztekammer Berlin<br \/>\nBerufsverband der Frauen\u00e4rzte<\/p>\n<p>&nbsp;<\/p>\n","protected":false},"excerpt":{"rendered":"<p>2006-2012 \u00a0 Studium der Humanmedizin an der Georg-August-Universit\u00e4t G\u00f6ttingen 2013-2019\u00a0 \u00c4rztin in Weiterbildung f\u00fcr Gyn\u00e4kologie und Geburtshilfe im Helios Klinikum \u00a0Herzberg und Osterode 2014\u00a0 Erlangung des Doktorgrades der Medizin 2016 Dopplersonographie des fetomaternalen Gef\u00e4\u00dfsystems (DEGUM) 2017 Psychosomatische Grundversorgung 2019 Mammasonographie (DEGUM) 2019-2022 \u00c4rztin in Weiterbildung f\u00fcr Gyn\u00e4kologie und Geburtshilfe im DRK Klinikum K\u00f6penick 2021 Fach\u00e4rztin [&hellip;]<\/p>\n","protected":false},"author":2,"featured_media":0,"parent":42,"menu_order":3,"comment_status":"closed","ping_status":"closed","template":"doctors.php","meta":{"footnotes":""},"_links":{"self":[{"href":"https:\/\/xn--frauenrztinnen-kpenick-54b65b.de\/new\/wp-json\/wp\/v2\/pages\/1419"}],"collection":[{"href":"https:\/\/xn--frauenrztinnen-kpenick-54b65b.de\/new\/wp-json\/wp\/v2\/pages"}],"about":[{"href":"https:\/\/xn--frauenrztinnen-kpenick-54b65b.de\/new\/wp-json\/wp\/v2\/types\/page"}],"author":[{"embeddable":true,"href":"https:\/\/xn--frauenrztinnen-kpenick-54b65b.de\/new\/wp-json\/wp\/v2\/users\/2"}],"replies":[{"embeddable":true,"href":"https:\/\/xn--frauenrztinnen-kpenick-54b65b.de\/new\/wp-json\/wp\/v2\/comments?post=1419"}],"version-history":[{"count":15,"href":"https:\/\/xn--frauenrztinnen-kpenick-54b65b.de\/new\/wp-json\/wp\/v2\/pages\/1419\/revisions"}],"predecessor-version":[{"id":1743,"href":"https:\/\/xn--frauenrztinnen-kpenick-54b65b.de\/new\/wp-json\/wp\/v2\/pages\/1419\/revisions\/1743"}],"up":[{"embeddable":true,"href":"https:\/\/xn--frauenrztinnen-kpenick-54b65b.de\/new\/wp-json\/wp\/v2\/pages\/42"}],"wp:attachment":[{"href":"https:\/\/xn--frauenrztinnen-kpenick-54b65b.de\/new\/wp-json\/wp\/v2\/media?parent=1419"}],"curies":[{"name":"wp","href":"https:\/\/api.w.org\/{rel}","templated":true}]}}