{"id":1613,"date":"2024-04-26T09:51:24","date_gmt":"2024-04-26T07:51:24","guid":{"rendered":"https:\/\/xn--frauenrztinnen-kpenick-54b65b.de\/new\/?page_id=1613"},"modified":"2024-04-26T10:18:33","modified_gmt":"2024-04-26T08:18:33","slug":"aesthetische-medizin","status":"publish","type":"page","link":"https:\/\/xn--frauenrztinnen-kpenick-54b65b.de\/new\/aesthetische-medizin\/","title":{"rendered":"\u00e4sthetische Medizin"},"content":{"rendered":"<p>Falten gl\u00e4tten mit Botox<\/p>\n<p><strong>Liebe Patientinnen<\/strong>, gerne k\u00f6nnen Sie eine Behandlung zum Faltengl\u00e4tten bei unserer Spezialistin Frau Dr. Siddiqui buchen.<\/p>\n<p>Botox (Botulinumtoxin) ist hervorragend geeignet um Stirnfalten, Kr\u00e4henf\u00fc\u00dfe und Zornesfalten zu behandeln.<\/p>\n<p><strong>Ablauf<\/strong><\/p>\n<p>Zun\u00e4chst werden die entsprechenden Injektionsstellen eingezeichnet. Anschlie\u00dfend applizieren wir das Botulinumtoxin unter die Haut. Wir verwenden sehr feine, schmerzarme Nadeln.<br \/>\nEs verteilt sich in der Muskulatur und hemmt dort die Aussch\u00fcttung von Acetylcholin am Muskel. Die behandelte Zone entspannt sich und die Haut gl\u00e4ttet sind.<br \/>\nIm Laufe des Tages k\u00f6nnen leichte R\u00f6tungen an der Einstichstelle entstehen.<\/p>\n<p><strong>Wirkungseintritt<\/strong><\/p>\n<p>Die Wirkung setzt circa nach 2 Tagen ein. Mit der Zeit regeneriert sich der Muskel, so dass die Wirkung nach etwa 5 Monaten nachl\u00e4sst. Eine erneute Applikation ist dann jederzeit wieder m\u00f6glich.<\/p>\n<p>Es kommt Botulinumtoxin Typ A zum Einsatz, ein verschreibungspflichtiges Medikament, das nur durch \u00c4rzte verabreicht werden darf.<br \/>\nF\u00fcr unsere Behandlungen verwenden wir Bocouture der Firma Merz, ein besonders hochwertiges Produkt.<\/p>\n<p><strong>Was muss ist nach der Behandlung beachten<\/strong><\/p>\n<p>Um ein perfektes Ergebnis zu erzielen, sollte in den Tagen nach der Behandlung auf Alkohol, Sauna, Sonneneinstrahlung, Solarium, Gesichtsmassagen und Sport verzichtet werden.<\/p>\n<p><strong>Behandlungszonen:<\/strong><\/p>\n<p>Zornesfalte<br \/>\nStirnfalten<br \/>\nKr\u00e4henf\u00fc\u00dfe<br \/>\nBrow Lift<br \/>\nGummy Smile<br \/>\nErdbeerkinn\/Pflastersteinkinn<br \/>\nHalsstraffung\/ Nefertiti-Lifts<br \/>\nSchwei\u00dfdr\u00fcsenbehandlung<\/p>\n<p>&nbsp;<\/p>\n","protected":false},"excerpt":{"rendered":"<p>Falten gl\u00e4tten mit Botox Liebe Patientinnen, gerne k\u00f6nnen Sie eine Behandlung zum Faltengl\u00e4tten bei unserer Spezialistin Frau Dr. Siddiqui buchen. Botox (Botulinumtoxin) ist hervorragend geeignet um Stirnfalten, Kr\u00e4henf\u00fc\u00dfe und Zornesfalten zu behandeln. Ablauf Zun\u00e4chst werden die entsprechenden Injektionsstellen eingezeichnet. Anschlie\u00dfend applizieren wir das Botulinumtoxin unter die Haut. Wir verwenden sehr feine, schmerzarme Nadeln. Es verteilt [&hellip;]<\/p>\n","protected":false},"author":2,"featured_media":0,"parent":0,"menu_order":7,"comment_status":"closed","ping_status":"closed","template":"page_single_image.php","meta":{"footnotes":""},"_links":{"self":[{"href":"https:\/\/xn--frauenrztinnen-kpenick-54b65b.de\/new\/wp-json\/wp\/v2\/pages\/1613"}],"collection":[{"href":"https:\/\/xn--frauenrztinnen-kpenick-54b65b.de\/new\/wp-json\/wp\/v2\/pages"}],"about":[{"href":"https:\/\/xn--frauenrztinnen-kpenick-54b65b.de\/new\/wp-json\/wp\/v2\/types\/page"}],"author":[{"embeddable":true,"href":"https:\/\/xn--frauenrztinnen-kpenick-54b65b.de\/new\/wp-json\/wp\/v2\/users\/2"}],"replies":[{"embeddable":true,"href":"https:\/\/xn--frauenrztinnen-kpenick-54b65b.de\/new\/wp-json\/wp\/v2\/comments?post=1613"}],"version-history":[{"count":5,"href":"https:\/\/xn--frauenrztinnen-kpenick-54b65b.de\/new\/wp-json\/wp\/v2\/pages\/1613\/revisions"}],"predecessor-version":[{"id":1619,"href":"https:\/\/xn--frauenrztinnen-kpenick-54b65b.de\/new\/wp-json\/wp\/v2\/pages\/1613\/revisions\/1619"}],"wp:attachment":[{"href":"https:\/\/xn--frauenrztinnen-kpenick-54b65b.de\/new\/wp-json\/wp\/v2\/media?parent=1613"}],"curies":[{"name":"wp","href":"https:\/\/api.w.org\/{rel}","templated":true}]}}