{"id":17,"date":"2015-06-25T11:09:16","date_gmt":"2015-06-25T09:09:16","guid":{"rendered":"http:\/\/xn--frauenrztinnen-kpenick-54b65b.de\/new\/?page_id=17"},"modified":"2021-01-05T15:10:10","modified_gmt":"2021-01-05T14:10:10","slug":"impfungen","status":"publish","type":"page","link":"https:\/\/xn--frauenrztinnen-kpenick-54b65b.de\/new\/impfungen\/","title":{"rendered":"vaginale Lasertherapie"},"content":{"rendered":"<div style=\"width:100%;height:0px;position:relative;padding-bottom:56.250%;\"><iframe loading=\"lazy\" src=\"https:\/\/streamable.com\/e\/p2jw4u?loop=0\" frameborder=\"0\" width=\"100%\" height=\"100%\" allowfullscreen style=\"width:100%;height:100%;position:absolute;left:0px;top:0px;overflow:hidden;\"><\/iframe><\/div>\n<p><\/p>\n<p>Die vaginale Laserbehandlung in Berlin-K\u00f6penick findet Einsatz bei:<br \/>\n&#8211;\u00a0 Scheidentrockenheit (vulvo-vaginale Atrophie)<br \/>\n&#8211;\u00a0 Schmerzen und Missempfindungen am Scheideneingang (Vulvodynie)<br \/>\n&#8211;\u00a0 \u00e4u\u00dferen Schmerzen beim Geschlechtsverkehr (Dyspareunie)<br \/>\n&#8211;\u00a0 leichten Formen der Harninkontinenz<br \/>\n&#8211;\u00a0 Lichen sklerosus et atrophicus der Vulva<br \/>\n&#8211;\u00a0 vaginalen Beschwerden nach einer Geburt (post partum)<br \/>\n&#8211;\u00a0 Narben<\/p>\n<p>Schon nach einer Sitzung gehen Symptome wie Trockenheit und Schmerzen sp\u00fcrbar zur\u00fcck.<!--more--><\/p>\n<p>Mit unserem minimal invasiven, fraktionierten C02 Laser, femilift von Alma Laser, wird das Gewebe von Scheide und \u00e4u\u00dferen Schamlippen (Vulva) neu strukturiert. Dies gelingt \u00fcber die Anregung einer Kollagen- und Gef\u00e4\u00dfneubildung. Der fraktionierte CO2 Laser setzt kaum sichtbare Mikroverletzungen, die eine Gewebeneubildung einleiten. Hierdurch wird die Scheidenhaut wieder fester, straffer, feuchter und elastischer, so da\u00df auch von einer Vaginalverj\u00fcngung- vaginal rejuvenation &#8211; gesprochen wird.<\/p>\n<p>Mit dem Laser k\u00f6nnen \u00d6strogenmangelerscheinungen\u00a0 ohne Hormongabe sicher behandelt werden.<br \/>\nDer Laser ist somit eine Alternative f\u00fcr alle Patientinnen, die keine Hormone anwenden wollen oder d\u00fcrfen.<\/p>\n<p>In der Regel sind 3 Behandlungen im Abstand von 8-12 Wochen notwendig, danach sollte einmal j\u00e4hrliche eine Erhaltungstherapie erfolgen.<\/p>\n<p>F\u00fcr die ca <strong>15 min\u00fctige Behandlung<\/strong> wird ein Stab, \u00e4hnlich einer vaginalen Ultraschallsonde in die Scheide eingef\u00fchrt. Neben einem W\u00e4rmegef\u00fchl k\u00f6nnen bei der Behandlung der Schamlippen und des Scheideneingang(Vulva) vor\u00fcbergehend Missempfindungen entstehen, die mit einem Schmerzgel sicher gelindert werden. Nebenwirkungen sind nicht bekannt.<\/p>\n<p>Die vaginale Laserbehandlung wird von den gesetzlichen Krankenkassen nicht \u00fcbernommen, wohl aber von den privaten Krankenkassen.<br \/>\nDie Kosten pro Sitzung\u00a0 sind abh\u00e4ngig von Indikation, Umfang und ggf. Materialkosten (z.B. pers\u00f6nliche Vaginalsonde).<\/p>\n","protected":false},"excerpt":{"rendered":"<p>Die vaginale Laserbehandlung in Berlin-K\u00f6penick findet Einsatz bei: &#8211;\u00a0 Scheidentrockenheit (vulvo-vaginale Atrophie) &#8211;\u00a0 Schmerzen und Missempfindungen am Scheideneingang (Vulvodynie) &#8211;\u00a0 \u00e4u\u00dferen Schmerzen beim Geschlechtsverkehr (Dyspareunie) &#8211;\u00a0 leichten Formen der Harninkontinenz &#8211;\u00a0 Lichen sklerosus et atrophicus der Vulva &#8211;\u00a0 vaginalen Beschwerden nach einer Geburt (post partum) &#8211;\u00a0 Narben Schon nach einer Sitzung gehen Symptome wie Trockenheit [&hellip;]<\/p>\n","protected":false},"author":1,"featured_media":0,"parent":0,"menu_order":6,"comment_status":"open","ping_status":"closed","template":"page_single_image.php","meta":{"footnotes":""},"_links":{"self":[{"href":"https:\/\/xn--frauenrztinnen-kpenick-54b65b.de\/new\/wp-json\/wp\/v2\/pages\/17"}],"collection":[{"href":"https:\/\/xn--frauenrztinnen-kpenick-54b65b.de\/new\/wp-json\/wp\/v2\/pages"}],"about":[{"href":"https:\/\/xn--frauenrztinnen-kpenick-54b65b.de\/new\/wp-json\/wp\/v2\/types\/page"}],"author":[{"embeddable":true,"href":"https:\/\/xn--frauenrztinnen-kpenick-54b65b.de\/new\/wp-json\/wp\/v2\/users\/1"}],"replies":[{"embeddable":true,"href":"https:\/\/xn--frauenrztinnen-kpenick-54b65b.de\/new\/wp-json\/wp\/v2\/comments?post=17"}],"version-history":[{"count":23,"href":"https:\/\/xn--frauenrztinnen-kpenick-54b65b.de\/new\/wp-json\/wp\/v2\/pages\/17\/revisions"}],"predecessor-version":[{"id":1164,"href":"https:\/\/xn--frauenrztinnen-kpenick-54b65b.de\/new\/wp-json\/wp\/v2\/pages\/17\/revisions\/1164"}],"wp:attachment":[{"href":"https:\/\/xn--frauenrztinnen-kpenick-54b65b.de\/new\/wp-json\/wp\/v2\/media?parent=17"}],"curies":[{"name":"wp","href":"https:\/\/api.w.org\/{rel}","templated":true}]}}