{"id":19,"date":"2015-06-25T13:39:32","date_gmt":"2015-06-25T11:39:32","guid":{"rendered":"http:\/\/xn--frauenrztinnen-kpenick-54b65b.de\/new\/?page_id=19"},"modified":"2025-08-07T09:52:23","modified_gmt":"2025-08-07T07:52:23","slug":"willkommen","status":"publish","type":"page","link":"https:\/\/xn--frauenrztinnen-kpenick-54b65b.de\/new\/","title":{"rendered":"Willkommen"},"content":{"rendered":"<p>in unserer Praxis f\u00fcr Frauengesundheit.<\/p>\n<h3><strong>ACHTUNG: <\/strong><strong>Wir sind ins Nebengeb\u00e4ude umgezogen \u2013 <\/strong>Mahlsdorfer Stra\u00dfe 107 \u2013 Haus B \u2013 2. Stock<\/h3>\n<p>&nbsp;<\/p>\n<p>Wir freuen uns Sie begr\u00fc\u00dfen zu d\u00fcrfen und<br \/>\nbegleiten Sie bei allen frauen\u00e4rztlichen Problemen.<\/p>\n<p>Unsere Schwerpunkte sind:<\/p>\n<p>Gyn\u00e4kologie<br \/>\nSchwangerschaft<br \/>\nBeckenbodensch\u00e4che und Inkontinenz (Urogyn\u00e4kologie)<br \/>\nDysplasieabkl\u00e4rung<br \/>\nNaturheilverfahren<\/p>\n<p>Zus\u00e4tzlich bieten wir:<\/p>\n<p>Eine Lasersprechstunde bei Scheidentrockenheit, Blasenbeschwerden und Lichen.<\/p>\n<p>Botoxbehandlungen im Rahmen der medizinischen \u00c4sthetik.<\/p>\n<p>Ihr Team der<br \/>\nFrauen\u00e4rztinnen K\u00f6penick<\/p>\n","protected":false},"excerpt":{"rendered":"<p>in unserer Praxis f\u00fcr Frauengesundheit. ACHTUNG: Wir sind ins Nebengeb\u00e4ude umgezogen \u2013 Mahlsdorfer Stra\u00dfe 107 \u2013 Haus B \u2013 2. Stock &nbsp; Wir freuen uns Sie begr\u00fc\u00dfen zu d\u00fcrfen und begleiten Sie bei allen frauen\u00e4rztlichen Problemen. Unsere Schwerpunkte sind: Gyn\u00e4kologie Schwangerschaft Beckenbodensch\u00e4che und Inkontinenz (Urogyn\u00e4kologie) Dysplasieabkl\u00e4rung Naturheilverfahren Zus\u00e4tzlich bieten wir: Eine Lasersprechstunde bei Scheidentrockenheit, Blasenbeschwerden [&hellip;]<\/p>\n","protected":false},"author":1,"featured_media":0,"parent":0,"menu_order":0,"comment_status":"open","ping_status":"open","template":"tpl_welcome.php","meta":{"footnotes":""},"_links":{"self":[{"href":"https:\/\/xn--frauenrztinnen-kpenick-54b65b.de\/new\/wp-json\/wp\/v2\/pages\/19"}],"collection":[{"href":"https:\/\/xn--frauenrztinnen-kpenick-54b65b.de\/new\/wp-json\/wp\/v2\/pages"}],"about":[{"href":"https:\/\/xn--frauenrztinnen-kpenick-54b65b.de\/new\/wp-json\/wp\/v2\/types\/page"}],"author":[{"embeddable":true,"href":"https:\/\/xn--frauenrztinnen-kpenick-54b65b.de\/new\/wp-json\/wp\/v2\/users\/1"}],"replies":[{"embeddable":true,"href":"https:\/\/xn--frauenrztinnen-kpenick-54b65b.de\/new\/wp-json\/wp\/v2\/comments?post=19"}],"version-history":[{"count":44,"href":"https:\/\/xn--frauenrztinnen-kpenick-54b65b.de\/new\/wp-json\/wp\/v2\/pages\/19\/revisions"}],"predecessor-version":[{"id":1677,"href":"https:\/\/xn--frauenrztinnen-kpenick-54b65b.de\/new\/wp-json\/wp\/v2\/pages\/19\/revisions\/1677"}],"wp:attachment":[{"href":"https:\/\/xn--frauenrztinnen-kpenick-54b65b.de\/new\/wp-json\/wp\/v2\/media?parent=19"}],"curies":[{"name":"wp","href":"https:\/\/api.w.org\/{rel}","templated":true}]}}