{"id":22,"date":"2015-06-25T15:44:43","date_gmt":"2015-06-25T13:44:43","guid":{"rendered":"http:\/\/xn--frauenrztinnen-kpenick-54b65b.de\/new\/?page_id=22"},"modified":"2025-08-29T09:57:54","modified_gmt":"2025-08-29T07:57:54","slug":"kontakt","status":"publish","type":"page","link":"https:\/\/xn--frauenrztinnen-kpenick-54b65b.de\/new\/kontakt\/","title":{"rendered":"Kontakt"},"content":{"rendered":"<p><strong>sowie aktuellen \u00c4nderungen wie z.B. Urlaube finden Sie\u00a0<a style=\"color: #d9461f;\" href=\"http:\/\/frauen\u00e4rztinnen-k\u00f6penick.de\/new\/aktuelles\/\">HIER<\/a><\/strong><\/p>\n<div style=\"color: #666;\"><\/div>\n<div style=\"color: #666;\">Kostenpflichtige Parkpl\u00e4tze stehen auf dem Grundst\u00fcck hinter dem Gesundheitsforum zur Verf\u00fcgung<\/div>\n<div style=\"color: #990033; margin: 20px 0;\">Anfahrt:<br \/>\nS\u2212Bahnhof K\u00f6penick<br \/>\nTram: 62,63,68<br \/>\nBus: 164, 269<\/div>\n<p><iframe loading=\"lazy\" class=\"gm_iframe\" style=\"border: 0;\" src=\"https:\/\/www.google.com\/maps\/embed?pb=!1m18!1m12!1m3!1d2877.402816927292!2d13.57732761248696!3d52.45970394057504!2m3!1f0!2f0!3f0!3m2!1i1024!2i768!4f13.1!3m3!1m2!1s0x47a84842e5a0a30d%3A0x2192c8db2f72b6de!2sMahlsdorfer%20Str.%20107%2C%2012555%20Berlin%2C%20Germany!5e1!3m2!1sen!2sus!4v1756454221616!5m2!1sen!2sus\" width=\"500\" height=\"300\" frameborder=\"0\" allowfullscreen=\"allowfullscreen\"><\/iframe><\/p>\n","protected":false},"excerpt":{"rendered":"<p>sowie aktuellen \u00c4nderungen wie z.B. Urlaube finden Sie\u00a0HIER Kostenpflichtige Parkpl\u00e4tze stehen auf dem Grundst\u00fcck hinter dem Gesundheitsforum zur Verf\u00fcgung Anfahrt: S\u2212Bahnhof K\u00f6penick Tram: 62,63,68 Bus: 164, 269<\/p>\n","protected":false},"author":1,"featured_media":0,"parent":0,"menu_order":0,"comment_status":"open","ping_status":"open","template":"tpl_contact.php","meta":{"footnotes":""},"_links":{"self":[{"href":"https:\/\/xn--frauenrztinnen-kpenick-54b65b.de\/new\/wp-json\/wp\/v2\/pages\/22"}],"collection":[{"href":"https:\/\/xn--frauenrztinnen-kpenick-54b65b.de\/new\/wp-json\/wp\/v2\/pages"}],"about":[{"href":"https:\/\/xn--frauenrztinnen-kpenick-54b65b.de\/new\/wp-json\/wp\/v2\/types\/page"}],"author":[{"embeddable":true,"href":"https:\/\/xn--frauenrztinnen-kpenick-54b65b.de\/new\/wp-json\/wp\/v2\/users\/1"}],"replies":[{"embeddable":true,"href":"https:\/\/xn--frauenrztinnen-kpenick-54b65b.de\/new\/wp-json\/wp\/v2\/comments?post=22"}],"version-history":[{"count":54,"href":"https:\/\/xn--frauenrztinnen-kpenick-54b65b.de\/new\/wp-json\/wp\/v2\/pages\/22\/revisions"}],"predecessor-version":[{"id":1726,"href":"https:\/\/xn--frauenrztinnen-kpenick-54b65b.de\/new\/wp-json\/wp\/v2\/pages\/22\/revisions\/1726"}],"wp:attachment":[{"href":"https:\/\/xn--frauenrztinnen-kpenick-54b65b.de\/new\/wp-json\/wp\/v2\/media?parent=22"}],"curies":[{"name":"wp","href":"https:\/\/api.w.org\/{rel}","templated":true}]}}