{"id":235,"date":"2015-07-21T09:06:42","date_gmt":"2015-07-21T07:06:42","guid":{"rendered":"http:\/\/xn--frauenrztinnen-kpenick-54b65b.de\/new\/?page_id=235"},"modified":"2015-10-05T11:26:27","modified_gmt":"2015-10-05T09:26:27","slug":"traditionelle-chinesische-medizin-tcm","status":"publish","type":"page","link":"https:\/\/xn--frauenrztinnen-kpenick-54b65b.de\/new\/naturheilverfahren\/traditionelle-chinesische-medizin-tcm\/","title":{"rendered":"Traditionelle chinesische Medizin (TCM)"},"content":{"rendered":"<p>Grundlage der traditionellen chinesischen Medizin ist die aufmerksame Beobachtung des Patienten.<br \/>\nWir bieten an:<\/p>\n<p><strong>Akupunktur<\/strong><br \/>\nbringt die Energiebahnen (Meridiane) des K\u00f6rpers zur\u00fcck in einen harmonischen Fluss und heilt Imbalancen von K\u00f6rper und Geist. Wir wenden Akupunktur z.B. zur Geburtsvorbereitung an.<\/p>\n<p><strong>Akutaping<\/strong><br \/>\nDas Tape haftet auf der Haut und wirkt \u00fcber die st\u00e4ndige Verschiebung der Unterbaut bei Bewegung \u00e4hnlich wie eine Bindegewebsmassage. Es werden Energiebahnen und damit die Selbstheilungskr\u00e4fte des K\u00f6rpers angeregt. Besonders geeignet ist Akutaping bei Verspannungen und R\u00fcckenschmerzen in der Schwangerschaft.<br \/>\n<strong><br \/>\nMoxibustion<\/strong><br \/>\nhier werden bestimmte Akupunkturpunkte mit Moxakraut (Beifu\u00df) erhitzt.<br \/>\nVerspannungen werden gel\u00f6st, Ersch\u00f6pfung und Mattigkeit verbessert und ein Kind im Mutterleib zur Bewegung von Beckenendlage in Sch\u00e4dellage angeregt.<\/p>\n","protected":false},"excerpt":{"rendered":"<p>Grundlage der traditionellen chinesischen Medizin ist die aufmerksame Beobachtung des Patienten. Wir bieten an: Akupunktur bringt die Energiebahnen (Meridiane) des K\u00f6rpers zur\u00fcck in einen harmonischen Fluss und heilt Imbalancen von K\u00f6rper und Geist. Wir wenden Akupunktur z.B. zur Geburtsvorbereitung an. Akutaping Das Tape haftet auf der Haut und wirkt \u00fcber die st\u00e4ndige Verschiebung der Unterbaut [&hellip;]<\/p>\n","protected":false},"author":2,"featured_media":0,"parent":13,"menu_order":0,"comment_status":"open","ping_status":"open","template":"page_no_image.php","meta":{"footnotes":""},"_links":{"self":[{"href":"https:\/\/xn--frauenrztinnen-kpenick-54b65b.de\/new\/wp-json\/wp\/v2\/pages\/235"}],"collection":[{"href":"https:\/\/xn--frauenrztinnen-kpenick-54b65b.de\/new\/wp-json\/wp\/v2\/pages"}],"about":[{"href":"https:\/\/xn--frauenrztinnen-kpenick-54b65b.de\/new\/wp-json\/wp\/v2\/types\/page"}],"author":[{"embeddable":true,"href":"https:\/\/xn--frauenrztinnen-kpenick-54b65b.de\/new\/wp-json\/wp\/v2\/users\/2"}],"replies":[{"embeddable":true,"href":"https:\/\/xn--frauenrztinnen-kpenick-54b65b.de\/new\/wp-json\/wp\/v2\/comments?post=235"}],"version-history":[{"count":4,"href":"https:\/\/xn--frauenrztinnen-kpenick-54b65b.de\/new\/wp-json\/wp\/v2\/pages\/235\/revisions"}],"predecessor-version":[{"id":398,"href":"https:\/\/xn--frauenrztinnen-kpenick-54b65b.de\/new\/wp-json\/wp\/v2\/pages\/235\/revisions\/398"}],"up":[{"embeddable":true,"href":"https:\/\/xn--frauenrztinnen-kpenick-54b65b.de\/new\/wp-json\/wp\/v2\/pages\/13"}],"wp:attachment":[{"href":"https:\/\/xn--frauenrztinnen-kpenick-54b65b.de\/new\/wp-json\/wp\/v2\/media?parent=235"}],"curies":[{"name":"wp","href":"https:\/\/api.w.org\/{rel}","templated":true}]}}