{"id":24,"date":"2015-06-25T15:44:54","date_gmt":"2015-06-25T13:44:54","guid":{"rendered":"http:\/\/xn--frauenrztinnen-kpenick-54b65b.de\/new\/?page_id=24"},"modified":"2025-08-19T12:44:55","modified_gmt":"2025-08-19T10:44:55","slug":"impressum","status":"publish","type":"page","link":"https:\/\/xn--frauenrztinnen-kpenick-54b65b.de\/new\/impressum\/","title":{"rendered":"Impressum"},"content":{"rendered":"<p><strong>Verantwortlich f\u00fcr den Inhalt :<\/strong><\/p>\n<p>Partnerschaftsgesellschaft<br \/>\nSitz Berlin<\/p>\n<div class=\"default-style\">Frauen\u00e4rztinnen K\u00f6penick<\/div>\n<div class=\"default-style\">Dr. Susanne Riedewald<\/div>\n<div class=\"default-style\">Dr. Ina Siddiqui<\/div>\n<div class=\"default-style\">Fach\u00e4rztinnen f\u00fcr Frauenheilkunde und Geburtshilfe Partnerschaft<\/div>\n<div class=\"default-style\"><\/div>\n<div class=\"default-style\">Urkundenverzeichnus 472\/2022<\/div>\n<div class=\"default-style\">Amtsgericht Charlottenburg<\/div>\n<div class=\"meta gold\"><\/div>\n<div class=\"hr_address meta\">Mahlsdorfer Str. 106 | 107<br \/>\n12555 Berlin-K\u00f6penick<br \/>\nTel: 030. 657 29 69<br \/>\nFax: 030. 64 16 70 44<br \/>\n<a class=\"hr_email\" href=\"http:\/\/frauen%C3%A4rztinnen-k%C3%B6penick.de\/new\/info@frauen%C3%A4rztinnen-k%C3%B6penick.de\">info@frauen\u00e4rztinnen-k\u00f6penick.de<br \/>\n<\/a><\/div>\n<p><strong>Steuernummer<\/strong> :36\/493\/00593<\/p>\n<p><strong>Gesetzliche Berufsbezeichnung:<\/strong><br \/>\nFach\u00e4rztin f\u00fcr Frauenheilkunde und Geburtshilfe<\/p>\n<p><strong>Staat in dem die Berufsbezeichnung verliehen wurde:<\/strong><br \/>\nDeutschland<\/p>\n<p><strong>Bezeichnung der berufsrechtlichen Regelungen:<\/strong><br \/>\n\u00c4rztliche Berufsordnung<\/p>\n<p><strong>Zust\u00e4ndige kassen\u00e4rztliche Vereinigung:<\/strong><br \/>\nKassenz\u00e4rztliche Vereinigung Berlin<br \/>\nK\u00f6rperschaft des \u00d6ffentlichen Rechts<br \/>\nMasurenallee 6<br \/>\n14057 Berlin<br \/>\nTelefon: 030 &#8211; 31 003 &#8211; 0<br \/>\nTelefax: 030 &#8211; 31 003 &#8211; 380<br \/>\nE-Mail: KVBE@kvberlin.de<br \/>\nInternet: www.kvberlin.de<\/p>\n<p><strong>Berufsrechtliche Regelungen:<\/strong><br \/>\nBerufsordnung der \u00c4rztekammer Berlin<br \/>\nBerliner Kammergesetz<br \/>\nSie finden die aktuell g\u00fcltigen Fassungen dieser Gesetze und Verordnungen des Landes Berlin auf der Website der \u00c4rztekammer Berlin: www.aerztekammer-berlin.de<br \/>\nKammerzugeh\u00f6rigkeit:<br \/>\n\u00c4rztekammer Berlin<br \/>\nFriedrichstr. 16<br \/>\n10969 Berlin<br \/>\nTel: 030. 40806-0<br \/>\nFax: 030. 40806-3499<br \/>\nInternet: www.aerztekammer-berlin.de<\/p>\n<p><strong>Urheberrecht:<\/strong><br \/>\nDie durch die Autoren erstellten Inhalte und Werke sowie von den Autoren eingestellten Inhalte und Werke auf diesen Seiten unterliegen dem deutschen Urheberrecht. Die Vervielf\u00e4ltigung, Bearbeitung, Verbreitung und jede Art der Verwertung bed\u00fcrfen der schriftlichen Zustimmung des jeweiligen Autors bzw. Erstellers. Downloads und Kopien dieser Seite sind nur f\u00fcr den privaten, nicht kommerziellen Gebrauch gestattet. \u2028Die Autoren \u00fcbernehmen keinerlei Gew\u00e4hr f\u00fcr die Aktualit\u00e4t, Korrektheit, Vollst\u00e4ndigkeit oder Qualit\u00e4t der bereitgestellten Informationen. Haftungsanspr\u00fcche gegen die Autoren, welche sich auf Sch\u00e4den materieller oder ideeller Art beziehen, die durch die Nutzung oder Nichtnutzung der dargebotenen Informationen bzw. durch die Nutzung fehlerhafter und unvollst\u00e4ndiger Informationen verursacht wurden, sind grunds\u00e4tzlich ausgeschlossen, sofern seitens der Autoren kein nachweislich vors\u00e4tzliches oder grob fahrl\u00e4ssiges Verschulden vorliegt.<br \/>\nBildnachweise:<br \/>\nFotografien von Jutta Henglein-Bildau<br \/>\n<strong>Haftungsausschluss:<\/strong><br \/>\nTrotz sorgf\u00e4ltiger Pr\u00fcfung k\u00f6nnen Frau Dr.Riedewald, Frau Tennhardt und Frau Warminski keine Verantwortung f\u00fcr den Inhalt externer Webseiten \u00fcbernehmen. Ein Link zu einer fremden Seite bedeutet weder, dass sie mit dem Inhalt dieser Seite in allen Teilen einverstanden sind noch dass sie ihn billigen oder akzeptieren. Die Haftung f\u00fcr jeglichen Schaden durch verlinkte Seiten oder f\u00fcr deren Inhalt m\u00fcssen sie ausschlie\u00dfen.<\/p>\n<p><strong>Haftungshinweis:<\/strong><br \/>\nMit Urteil vom 12. Mai 1998 hat das Landgericht Hamburg entschieden, dass man durch die Anbringung eines Links die Inhalte der gelinkten Seite ggf. mit zu verantworten hat. Dies kann, so das LG, nur dadurch verhindert werden, dass man sich ausdr\u00fccklich von diesen Inhalten distanziert.<br \/>\nWir haben auf unseren Seiten Links zu anderen Seiten im Internet gelegt. F\u00fcr alle diese Links gilt daher:<br \/>\nWir haben keinerlei Einfluss auf die Gestaltung und die Inhalte der gelinkten Seiten!<br \/>\nDeshalb distanzieren wir uns hiermit ausdr\u00fccklich von allen Inhalten aller gelinkten Seiten auf unserer Internetpr\u00e4senz und machen uns deren Inhalte nicht zu Eigen.<br \/>\nDiese Erkl\u00e4rung gilt f\u00fcr alle auf unserer Internetpr\u00e4senz angezeigten Links und f\u00fcr alle Inhalte der Seiten, zu denen die bei uns aufgef\u00fchrten Links f\u00fchren.<\/p>\n<p>Gestaltung der Webseite:\u00a0 Jutta Henglein-Bildau<br \/>\nTechnische Umsetzung:\u00a0 Iliya Chilev, ichilev@gmail.com<\/p>\n<p>&nbsp;<\/p>\n<p>&nbsp;<\/p>\n","protected":false},"excerpt":{"rendered":"<p>Verantwortlich f\u00fcr den Inhalt : Partnerschaftsgesellschaft Sitz Berlin Frauen\u00e4rztinnen K\u00f6penick Dr. Susanne Riedewald Dr. Ina Siddiqui Fach\u00e4rztinnen f\u00fcr Frauenheilkunde und Geburtshilfe Partnerschaft Urkundenverzeichnus 472\/2022 Amtsgericht Charlottenburg Mahlsdorfer Str. 106 | 107 12555 Berlin-K\u00f6penick Tel: 030. 657 29 69 Fax: 030. 64 16 70 44 info@frauen\u00e4rztinnen-k\u00f6penick.de Steuernummer :36\/493\/00593 Gesetzliche Berufsbezeichnung: Fach\u00e4rztin f\u00fcr Frauenheilkunde und Geburtshilfe Staat [&hellip;]<\/p>\n","protected":false},"author":1,"featured_media":0,"parent":0,"menu_order":0,"comment_status":"open","ping_status":"open","template":"page_no_image.php","meta":{"footnotes":""},"_links":{"self":[{"href":"https:\/\/xn--frauenrztinnen-kpenick-54b65b.de\/new\/wp-json\/wp\/v2\/pages\/24"}],"collection":[{"href":"https:\/\/xn--frauenrztinnen-kpenick-54b65b.de\/new\/wp-json\/wp\/v2\/pages"}],"about":[{"href":"https:\/\/xn--frauenrztinnen-kpenick-54b65b.de\/new\/wp-json\/wp\/v2\/types\/page"}],"author":[{"embeddable":true,"href":"https:\/\/xn--frauenrztinnen-kpenick-54b65b.de\/new\/wp-json\/wp\/v2\/users\/1"}],"replies":[{"embeddable":true,"href":"https:\/\/xn--frauenrztinnen-kpenick-54b65b.de\/new\/wp-json\/wp\/v2\/comments?post=24"}],"version-history":[{"count":16,"href":"https:\/\/xn--frauenrztinnen-kpenick-54b65b.de\/new\/wp-json\/wp\/v2\/pages\/24\/revisions"}],"predecessor-version":[{"id":1685,"href":"https:\/\/xn--frauenrztinnen-kpenick-54b65b.de\/new\/wp-json\/wp\/v2\/pages\/24\/revisions\/1685"}],"wp:attachment":[{"href":"https:\/\/xn--frauenrztinnen-kpenick-54b65b.de\/new\/wp-json\/wp\/v2\/media?parent=24"}],"curies":[{"name":"wp","href":"https:\/\/api.w.org\/{rel}","templated":true}]}}