{"id":246,"date":"2015-07-21T09:14:19","date_gmt":"2015-07-21T07:14:19","guid":{"rendered":"http:\/\/xn--frauenrztinnen-kpenick-54b65b.de\/new\/?page_id=246"},"modified":"2015-07-21T09:14:49","modified_gmt":"2015-07-21T07:14:49","slug":"mikrobiologische-therapie","status":"publish","type":"page","link":"https:\/\/xn--frauenrztinnen-kpenick-54b65b.de\/new\/naturheilverfahren\/mikrobiologische-therapie\/","title":{"rendered":"Mikrobiologische Therapie"},"content":{"rendered":"<p>Wenn das Gleichgewicht der Darmflora gest\u00f6rt ist, kann dies Einflu\u00df auf Ihr Wohlergehen, K\u00f6rpergewicht und verschiedenste Krankheitsverl\u00e4ufe  (Bl\u00e4hungen, Verstopfungen, Durchfall, M\u00fcdigkeit, Kopfschmerzen) haben.<br \/>\nEine Analyse der Darmflora (Dysbioseuntersuchung) kann eine gest\u00f6rte Darmbesiedlung aufdecken und die<br \/>\nBehandlung mit E. coli und Enterokokken in abget\u00f6teter und lebender Form einleiten.<\/p>\n","protected":false},"excerpt":{"rendered":"<p>Wenn das Gleichgewicht der Darmflora gest\u00f6rt ist, kann dies Einflu\u00df auf Ihr Wohlergehen, K\u00f6rpergewicht und verschiedenste Krankheitsverl\u00e4ufe (Bl\u00e4hungen, Verstopfungen, Durchfall, M\u00fcdigkeit, Kopfschmerzen) haben. Eine Analyse der Darmflora (Dysbioseuntersuchung) kann eine gest\u00f6rte Darmbesiedlung aufdecken und die Behandlung mit E. coli und Enterokokken in abget\u00f6teter und lebender Form einleiten.<\/p>\n","protected":false},"author":2,"featured_media":0,"parent":13,"menu_order":60,"comment_status":"open","ping_status":"open","template":"page_no_image.php","meta":{"footnotes":""},"_links":{"self":[{"href":"https:\/\/xn--frauenrztinnen-kpenick-54b65b.de\/new\/wp-json\/wp\/v2\/pages\/246"}],"collection":[{"href":"https:\/\/xn--frauenrztinnen-kpenick-54b65b.de\/new\/wp-json\/wp\/v2\/pages"}],"about":[{"href":"https:\/\/xn--frauenrztinnen-kpenick-54b65b.de\/new\/wp-json\/wp\/v2\/types\/page"}],"author":[{"embeddable":true,"href":"https:\/\/xn--frauenrztinnen-kpenick-54b65b.de\/new\/wp-json\/wp\/v2\/users\/2"}],"replies":[{"embeddable":true,"href":"https:\/\/xn--frauenrztinnen-kpenick-54b65b.de\/new\/wp-json\/wp\/v2\/comments?post=246"}],"version-history":[{"count":1,"href":"https:\/\/xn--frauenrztinnen-kpenick-54b65b.de\/new\/wp-json\/wp\/v2\/pages\/246\/revisions"}],"predecessor-version":[{"id":247,"href":"https:\/\/xn--frauenrztinnen-kpenick-54b65b.de\/new\/wp-json\/wp\/v2\/pages\/246\/revisions\/247"}],"up":[{"embeddable":true,"href":"https:\/\/xn--frauenrztinnen-kpenick-54b65b.de\/new\/wp-json\/wp\/v2\/pages\/13"}],"wp:attachment":[{"href":"https:\/\/xn--frauenrztinnen-kpenick-54b65b.de\/new\/wp-json\/wp\/v2\/media?parent=246"}],"curies":[{"name":"wp","href":"https:\/\/api.w.org\/{rel}","templated":true}]}}