{"id":279,"date":"2015-07-21T13:07:55","date_gmt":"2015-07-21T11:07:55","guid":{"rendered":"http:\/\/xn--frauenrztinnen-kpenick-54b65b.de\/new\/?page_id=279"},"modified":"2025-10-30T16:24:43","modified_gmt":"2025-10-30T15:24:43","slug":"dr-med-susanne-riedewald","status":"publish","type":"page","link":"https:\/\/xn--frauenrztinnen-kpenick-54b65b.de\/new\/praxis\/aerztinnen\/dr-med-susanne-riedewald\/","title":{"rendered":"Dr. med. Susanne Riedewald"},"content":{"rendered":"<p><a href=\"http:\/\/xn--frauenrztinnen-kpenick-54b65b.de\/new\/wp-content\/uploads\/2025\/10\/susi_1245-Kopie.jpg\" rel=\"attachment wp-att-791\"><img decoding=\"async\" loading=\"lazy\" class=\"alignnone wp-image-1740 size-medium\" src=\"http:\/\/xn--frauenrztinnen-kpenick-54b65b.de\/new\/wp-content\/uploads\/2025\/10\/susi_1245-Kopie-201x300.jpg\" alt=\"\" width=\"201\" height=\"300\" srcset=\"https:\/\/xn--frauenrztinnen-kpenick-54b65b.de\/new\/wp-content\/uploads\/2025\/10\/susi_1245-Kopie-201x300.jpg 201w, https:\/\/xn--frauenrztinnen-kpenick-54b65b.de\/new\/wp-content\/uploads\/2025\/10\/susi_1245-Kopie.jpg 477w\" sizes=\"(max-width: 201px) 100vw, 201px\" \/><\/a><\/p>\n<p>Umfassende Ausbildung in der Frauenheilkunde und Geburtsmedizin 1986\u22121995<\/p>\n<p>1986\u22121991 Geburtsmedizin im Krankenhaus Neuk\u00f6lln Berlin mit 3400 Geburten im Jahr<br \/>\n1991\u22121995 Frauenheilkunde im Martin\u2212Luther\u2212Krankenhaus Berlin<br \/>\n1995 Fach\u00e4rztin f\u00fcr Frauenheilkunde und Geburtshilfe<br \/>\n1996\u22122009 Ober\u00e4rztin am Martin-Luther-Krankenhaus<br \/>\n1996 Fachkunde Sonographie der Brustdr\u00fcse<br \/>\n1999 Fachkunde der gyn\u00e4kologischen Exfoliativzytologie<br \/>\n2001 Akupunkturdiplom \/ 2007 Zusatzbezeichnung Akupunktur<br \/>\n2002 Zusatzbezeichnung Naturheilverfahren<br \/>\n2003 psychosomatische Grundversorgung<\/p>\n<p>verheiratet, 2 Kinder<\/p>\n<p><strong>Mitgliedschaften:<\/strong><br \/>\n\u00c4rztekammer Berlin<br \/>\nDeutsche Gesellschaft f\u00fcr Gyn\u00e4kologie u. Geburtshilfe (DGGG)<br \/>\nBerufsverband der Frauen\u00e4rzte (BdF)<br \/>\nD\u00e4gfa<br \/>\nAGUB des DGGG<br \/>\nAG f\u00fcr Zervixpathologie und Kolposkopie<\/p>\n","protected":false},"excerpt":{"rendered":"<p>Umfassende Ausbildung in der Frauenheilkunde und Geburtsmedizin 1986\u22121995 1986\u22121991 Geburtsmedizin im Krankenhaus Neuk\u00f6lln Berlin mit 3400 Geburten im Jahr 1991\u22121995 Frauenheilkunde im Martin\u2212Luther\u2212Krankenhaus Berlin 1995 Fach\u00e4rztin f\u00fcr Frauenheilkunde und Geburtshilfe 1996\u22122009 Ober\u00e4rztin am Martin-Luther-Krankenhaus 1996 Fachkunde Sonographie der Brustdr\u00fcse 1999 Fachkunde der gyn\u00e4kologischen Exfoliativzytologie 2001 Akupunkturdiplom \/ 2007 Zusatzbezeichnung Akupunktur 2002 Zusatzbezeichnung Naturheilverfahren 2003 psychosomatische [&hellip;]<\/p>\n","protected":false},"author":1,"featured_media":0,"parent":42,"menu_order":0,"comment_status":"open","ping_status":"closed","template":"doctors.php","meta":{"footnotes":""},"_links":{"self":[{"href":"https:\/\/xn--frauenrztinnen-kpenick-54b65b.de\/new\/wp-json\/wp\/v2\/pages\/279"}],"collection":[{"href":"https:\/\/xn--frauenrztinnen-kpenick-54b65b.de\/new\/wp-json\/wp\/v2\/pages"}],"about":[{"href":"https:\/\/xn--frauenrztinnen-kpenick-54b65b.de\/new\/wp-json\/wp\/v2\/types\/page"}],"author":[{"embeddable":true,"href":"https:\/\/xn--frauenrztinnen-kpenick-54b65b.de\/new\/wp-json\/wp\/v2\/users\/1"}],"replies":[{"embeddable":true,"href":"https:\/\/xn--frauenrztinnen-kpenick-54b65b.de\/new\/wp-json\/wp\/v2\/comments?post=279"}],"version-history":[{"count":20,"href":"https:\/\/xn--frauenrztinnen-kpenick-54b65b.de\/new\/wp-json\/wp\/v2\/pages\/279\/revisions"}],"predecessor-version":[{"id":1741,"href":"https:\/\/xn--frauenrztinnen-kpenick-54b65b.de\/new\/wp-json\/wp\/v2\/pages\/279\/revisions\/1741"}],"up":[{"embeddable":true,"href":"https:\/\/xn--frauenrztinnen-kpenick-54b65b.de\/new\/wp-json\/wp\/v2\/pages\/42"}],"wp:attachment":[{"href":"https:\/\/xn--frauenrztinnen-kpenick-54b65b.de\/new\/wp-json\/wp\/v2\/media?parent=279"}],"curies":[{"name":"wp","href":"https:\/\/api.w.org\/{rel}","templated":true}]}}