{"id":7,"date":"2015-06-25T11:07:43","date_gmt":"2015-06-25T09:07:43","guid":{"rendered":"http:\/\/xn--frauenrztinnen-kpenick-54b65b.de\/new\/?page_id=7"},"modified":"2015-07-22T08:33:46","modified_gmt":"2015-07-22T06:33:46","slug":"schwangerschaft","status":"publish","type":"page","link":"https:\/\/xn--frauenrztinnen-kpenick-54b65b.de\/new\/schwangerschaft\/","title":{"rendered":"Schwangerschaft"},"content":{"rendered":"<p>Wenn Sie l\u00e4ngerfristig eine  <strong>Schwangerschaft planen<\/strong> sollte Alkohol und Nikotin vermieden, ein Normalgewicht angestrebt und die Fols\u00e4urespeicher durch Einnahme eines Nahrungserg\u00e4nzungsmittel aufgef\u00fcllt werden.<br \/>\nBereits vor Absetzen der Verh\u00fctung ist eine \u00dcberpr\u00fcfung des Impfstatus sinnvoll, um fruchtsch\u00e4digenden Erkrankungen noch vorbeugen zu k\u00f6nnen.<\/p>\n","protected":false},"excerpt":{"rendered":"<p>Wenn Sie l\u00e4ngerfristig eine Schwangerschaft planen sollte Alkohol und Nikotin vermieden, ein Normalgewicht angestrebt und die Fols\u00e4urespeicher durch Einnahme eines Nahrungserg\u00e4nzungsmittel aufgef\u00fcllt werden. Bereits vor Absetzen der Verh\u00fctung ist eine \u00dcberpr\u00fcfung des Impfstatus sinnvoll, um fruchtsch\u00e4digenden Erkrankungen noch vorbeugen zu k\u00f6nnen.<\/p>\n","protected":false},"author":1,"featured_media":0,"parent":0,"menu_order":3,"comment_status":"open","ping_status":"closed","template":"page_single_image.php","meta":{"footnotes":""},"_links":{"self":[{"href":"https:\/\/xn--frauenrztinnen-kpenick-54b65b.de\/new\/wp-json\/wp\/v2\/pages\/7"}],"collection":[{"href":"https:\/\/xn--frauenrztinnen-kpenick-54b65b.de\/new\/wp-json\/wp\/v2\/pages"}],"about":[{"href":"https:\/\/xn--frauenrztinnen-kpenick-54b65b.de\/new\/wp-json\/wp\/v2\/types\/page"}],"author":[{"embeddable":true,"href":"https:\/\/xn--frauenrztinnen-kpenick-54b65b.de\/new\/wp-json\/wp\/v2\/users\/1"}],"replies":[{"embeddable":true,"href":"https:\/\/xn--frauenrztinnen-kpenick-54b65b.de\/new\/wp-json\/wp\/v2\/comments?post=7"}],"version-history":[{"count":6,"href":"https:\/\/xn--frauenrztinnen-kpenick-54b65b.de\/new\/wp-json\/wp\/v2\/pages\/7\/revisions"}],"predecessor-version":[{"id":290,"href":"https:\/\/xn--frauenrztinnen-kpenick-54b65b.de\/new\/wp-json\/wp\/v2\/pages\/7\/revisions\/290"}],"wp:attachment":[{"href":"https:\/\/xn--frauenrztinnen-kpenick-54b65b.de\/new\/wp-json\/wp\/v2\/media?parent=7"}],"curies":[{"name":"wp","href":"https:\/\/api.w.org\/{rel}","templated":true}]}}