{"id":707,"date":"2018-03-23T16:07:54","date_gmt":"2018-03-23T15:07:54","guid":{"rendered":"http:\/\/xn--frauenrztinnen-kpenick-54b65b.de\/new\/?page_id=707"},"modified":"2021-01-05T14:42:49","modified_gmt":"2021-01-05T13:42:49","slug":"vaginale-laserbehandlung","status":"publish","type":"page","link":"https:\/\/xn--frauenrztinnen-kpenick-54b65b.de\/new\/urogynaekologie\/vaginale-laserbehandlung\/","title":{"rendered":"Vaginale Laserbehandlung"},"content":{"rendered":"<p>bei<br \/>\n<strong>leichten Formen der Harninkontinenz<\/strong><\/p>\n<p>hilft der minimal invasive, fraktionierte C02 Laser femilift von Alma Laser.\u00a0 \u00dcber die Anregung einer Kollagen- und Gef\u00e4\u00dfneubildung wird das Gewebe von Scheide neu strukturiert. Dies wirkt sich positiv auf die Blase aus. Au\u00dferdem k\u00f6nnen \u00d6strogenmangelerscheinungen ohne Hormongabe sicher behandelt werden.<br \/>\nDer Laser ist somit eine Alternative f\u00fcr alle Patientinnen, die keine Hormone anwenden wollen oder d\u00fcrfen.<\/p>\n<p>In der Regel sind 3 Behandlungen im Abstand von 8-12 Wochen notwendig, danach sollte einmal j\u00e4hrliche eine Erhaltungstherapie erfolgen. Sprechen Sie uns bei Inkontinenzproblemen an.<\/p>\n","protected":false},"excerpt":{"rendered":"<p>bei leichten Formen der Harninkontinenz hilft der minimal invasive, fraktionierte C02 Laser femilift von Alma Laser.\u00a0 \u00dcber die Anregung einer Kollagen- und Gef\u00e4\u00dfneubildung wird das Gewebe von Scheide neu strukturiert. Dies wirkt sich positiv auf die Blase aus. Au\u00dferdem k\u00f6nnen \u00d6strogenmangelerscheinungen ohne Hormongabe sicher behandelt werden. Der Laser ist somit eine Alternative f\u00fcr alle Patientinnen, [&hellip;]<\/p>\n","protected":false},"author":2,"featured_media":0,"parent":15,"menu_order":0,"comment_status":"closed","ping_status":"closed","template":"page_no_image.php","meta":{"footnotes":""},"_links":{"self":[{"href":"https:\/\/xn--frauenrztinnen-kpenick-54b65b.de\/new\/wp-json\/wp\/v2\/pages\/707"}],"collection":[{"href":"https:\/\/xn--frauenrztinnen-kpenick-54b65b.de\/new\/wp-json\/wp\/v2\/pages"}],"about":[{"href":"https:\/\/xn--frauenrztinnen-kpenick-54b65b.de\/new\/wp-json\/wp\/v2\/types\/page"}],"author":[{"embeddable":true,"href":"https:\/\/xn--frauenrztinnen-kpenick-54b65b.de\/new\/wp-json\/wp\/v2\/users\/2"}],"replies":[{"embeddable":true,"href":"https:\/\/xn--frauenrztinnen-kpenick-54b65b.de\/new\/wp-json\/wp\/v2\/comments?post=707"}],"version-history":[{"count":11,"href":"https:\/\/xn--frauenrztinnen-kpenick-54b65b.de\/new\/wp-json\/wp\/v2\/pages\/707\/revisions"}],"predecessor-version":[{"id":1163,"href":"https:\/\/xn--frauenrztinnen-kpenick-54b65b.de\/new\/wp-json\/wp\/v2\/pages\/707\/revisions\/1163"}],"up":[{"embeddable":true,"href":"https:\/\/xn--frauenrztinnen-kpenick-54b65b.de\/new\/wp-json\/wp\/v2\/pages\/15"}],"wp:attachment":[{"href":"https:\/\/xn--frauenrztinnen-kpenick-54b65b.de\/new\/wp-json\/wp\/v2\/media?parent=707"}],"curies":[{"name":"wp","href":"https:\/\/api.w.org\/{rel}","templated":true}]}}