{"id":728,"date":"2018-06-18T16:04:53","date_gmt":"2018-06-18T14:04:53","guid":{"rendered":"http:\/\/xn--frauenrztinnen-kpenick-54b65b.de\/new\/?page_id=728"},"modified":"2025-08-19T13:36:49","modified_gmt":"2025-08-19T11:36:49","slug":"datenschutz","status":"publish","type":"page","link":"https:\/\/xn--frauenrztinnen-kpenick-54b65b.de\/new\/impressum\/datenschutz\/","title":{"rendered":"Datenschutz"},"content":{"rendered":"<p><strong>Datenschutzerkl\u00e4rung<\/strong><br \/>\nVerantwortliche Stelle im Sinne der Datenschutzgesetze ist:<br \/>\nGemeinschaftspraxis<br \/>\nFrauen\u00e4rztinnen K\u00f6penick<br \/>\nDr. med. Riedewald<br \/>\nDr. med. Siddiqui<\/p>\n<div class=\"hr_jobs meta\">Fach\u00e4rztinnen f\u00fcr Frauenheilkunde und Geburtshilfe<\/div>\n<div class=\"meta gold\">Naturheilverfahren<\/div>\n<div class=\"hr_address meta\">Mahlsdorfer Str. 106 | 107<br \/>\n12555 Berlin-K\u00f6penick<br \/>\nTel: 030. 657 29 69<br \/>\nFax: 030. 64 16 70 44<br \/>\n<a class=\"hr_email\" href=\"http:\/\/frauen%C3%A4rztinnen-k%C3%B6penick.de\/new\/info@frauen%C3%A4rztinnen-k%C3%B6penick.de\">info@frauen\u00e4rztinnen-k\u00f6penick.de<br \/>\n<\/a><\/div>\n<div class=\"hr_address meta\"><strong>Datenschutzbeauftragter:\u00a0 Jochen Jaworski<\/strong><\/div>\n<p><strong>Erfassung allgemeiner Informationen<\/strong><br \/>\nWenn Sie auf unsere Webseite zugreifen, werden automatisch Informationen allgemeiner Natur erfasst. Diese Informationen (Server-Logfiles) beinhalten etwa die Art des Webbrowsers, das verwendete Betriebssystem, den Domainnamen Ihres Internet Service Providers und \u00c4hnliches. Hierbei handelt es sich ausschlie\u00dflich um Informationen, welche keine R\u00fcckschl\u00fcsse auf Ihre Person zulassen. Diese Informationen sind technisch notwendig, um von Ihnen angeforderte Inhalte von Webseiten korrekt auszuliefern und fallen bei Nutzung des Internets zwingend an. Anonyme Informationen dieser Art werden von uns statistisch ausgewertet, um unseren Internetauftritt und die dahinterstehende Technik zu optimieren.<\/p>\n<p><strong>SSL-Verschl\u00fcsselung<\/strong><br \/>\nUm die Sicherheit Ihrer Daten bei der \u00dcbertragung zu sch\u00fctzen, verwenden wir dem aktuellen Stand der Technik entsprechende Verschl\u00fcsselungsverfahren (z. B. SSL) \u00fcber HTTPS.<br \/>\nKontaktformular<br \/>\nTreten Sie per E-Mail oder Kontaktformular mit uns in Kontakt, werden die von Ihnen gemachten Angaben zum Zwecke der Bearbeitung der Anfrage sowie f\u00fcr m\u00f6gliche Anschlussfragen gespeichert.<br \/>\nL\u00f6schung bzw. Sperrung der Daten<br \/>\nWir halten uns an die Grunds\u00e4tze der Datenvermeidung und Datensparsamkeit. Wir speichern Ihre personenbezogenen Daten daher nur so lange, wie dies zur Erreichung der hier genannten Zwecke erforderlich ist oder wie es die vom Gesetzgeber vorgesehenen vielf\u00e4ltigen Speicherfristen vorsehen. Nach Fortfall des jeweiligen Zweckes bzw. Ablauf dieser Fristen werden die entsprechenden Daten routinem\u00e4\u00dfig und entsprechend den gesetzlichen Vorschriften gesperrt oder gel\u00f6scht.<\/p>\n<p><strong>Verwendung von Google Maps<\/strong><br \/>\nDiese Webseite verwendet Google Maps API, um geographische Informationen visuell darzustellen. Bei der Nutzung von Google Maps werden von Google auch Daten \u00fcber die Nutzung der Kartenfunktionen durch Besucher erhoben, verarbeitet und genutzt. N\u00e4here Informationen \u00fcber die Datenverarbeitung durch Google k\u00f6nnen Sie den Google-Datenschutzhinweisen (http:\/\/www.google.com\/privacypolicy.html) entnehmen. Dort k\u00f6nnen Sie im Datenschutzcenter auch Ihre pers\u00f6nlichen Datenschutz-Einstellungen ver\u00e4ndern.<br \/>\nAusf\u00fchrliche Anleitungen zur Verwaltung der eigenen Daten im Zusammenhang mit Google-Produkten finden Sie hier. https:\/\/support.google.com\/accounts\/answer\/3024190<br \/>\nIhre Rechte auf Auskunft, Berichtigung, Sperre, L\u00f6schung und Widerspruch<br \/>\nSie haben das Recht, jederzeit Auskunft \u00fcber Ihre bei uns gespeicherten personenbezogenen Daten zu erhalten. Ebenso haben Sie das Recht auf Berichtigung, Sperrung oder, abgesehen von der vorgeschriebenen Datenspeicherung zur Gesch\u00e4ftsabwicklung, L\u00f6schung Ihrer personenbezogenen Daten. Bitte wenden Sie sich dazu an unseren Datenschutzbeauftragten. Die Kontaktdaten finden Sie ganz unten.<br \/>\nDamit eine Sperre von Daten jederzeit ber\u00fccksichtigt werden kann, m\u00fcssen diese Daten zu Kontrollzwecken in einer Sperrdatei vorgehalten werden. Sie k\u00f6nnen auch die L\u00f6schung der Daten verlangen, soweit keine gesetzliche Archivierungsverpflichtung besteht. Soweit eine solche Verpflichtung besteht, sperren wir Ihre Daten auf Wunsch.<br \/>\nSie k\u00f6nnen \u00c4nderungen oder den Widerruf einer Einwilligung durch entsprechende Mitteilung an uns mit Wirkung f\u00fcr die Zukunft vornehmen.<br \/>\n\u00c4nderung unserer Datenschutzbestimmungen<br \/>\nWir behalten uns vor, diese Datenschutzerkl\u00e4rung gelegentlich anzupassen, damit sie stets den aktuellen rechtlichen Anforderungen entspricht oder um \u00c4nderungen unserer Leistungen in der Datenschutzerkl\u00e4rung umzusetzen, z. B. bei der Einf\u00fchrung neuer Services. F\u00fcr Ihren erneuten Besuch gilt dann die neue Datenschutzerkl\u00e4rung.<br \/>\nFragen an den Datenschutzbeauftragten<br \/>\nWenn Sie Fragen zum Datenschutz haben, schreiben Sie uns bitte eine E-Mail an:<br \/>\n<a class=\"hr_email\" href=\"http:\/\/frauen%C3%A4rztinnen-k%C3%B6penick.de\/new\/info@frauen%C3%A4rztinnen-k%C3%B6penick.de\">info@frauen\u00e4rztinnen-k\u00f6penick.de<\/a><br \/>\n______________________________________________________________________<br \/>\nPatienteninformation zum Datenschutz<br \/>\nSehr geehrte Patientin,<br \/>\nder Schutz Ihrer patientenbezogenen Daten ist uns wichtig. Nach der EU-Datenschutzverordnung (DSGVO) sind wir verpflichtet, Sie dar\u00fcber zu informieren, zu welchem Zweck unsere Praxis Daten erhebt, speichert oder weiterleitet. Der Information k\u00f6nnen Sie auch entnehmen, welche Rechte Sie in puncto Datenschutz haben.<br \/>\nVerantwortlichkeit f\u00fcr die Datenverarbeitung<br \/>\nVerantwortlich f\u00fcr die Datenverarbeitung ist:<br \/>\nGemeinschaftspraxis<br \/>\nFrauen\u00e4rztinnen K\u00f6penick<\/p>\n<p>Dr. med. Riedewald<br \/>\nDr. med. Siddiqui<\/p>\n<div class=\"hr_jobs meta\">Fach\u00e4rztinnen f\u00fcr Frauenheilkunde und Geburtshilfe<\/div>\n<div class=\"meta gold\">Naturheilverfahren<\/div>\n<div class=\"hr_address meta\">Mahlsdorfer Str. 106 | 107<br \/>\n12555 Berlin-K\u00f6penick<br \/>\nTel: 030. 657 29 69<br \/>\nFax: 030. 64 16 70 44<\/div>\n<div class=\"hr_address meta\"><strong>Datenschutzbeauftragter:\u00a0 Jochen Jaworski<\/strong><\/div>\n<p>Sie erreichen den zust\u00e4ndigen Datenschutzbeauftragten unter:<br \/>\nKontaktdaten. s. oben<br \/>\nZweck der Datenverarbeitung<br \/>\nDie Datenverarbeitung erfolgt aufgrund der gesetzlichen Vorgaben, um den Behandlungsvertrag zwischen Ihnen und Ihrem Arzt und die damit verbundenen Pflichten zu erf\u00fcllen. Hierzu verarbeiten wir Ihre personenbezogenen Daten, insbesondere Ihre Gesundheitsdaten. Dazu z\u00e4hlen Anamnesen, Diagnosen, Therapievorschl\u00e4ge und Befunde, die wir oder andere \u00c4rzte erheben. Zu diesen Zwecken k\u00f6nnen uns auch andere \u00c4rzte oder Psychotherapeuten, bei denen Sie in Behandlung sind, Daten zur Verf\u00fcgung stellen (z.B. in Arztbriefen). Die Erhebung von Gesundheitsdaten ist die Voraussetzung f\u00fcr ihre Behandlung. Werden die notwendigen Informationen nicht bereitgestellt, kann eine sorgf\u00e4ltige Behandlung nicht erfolgen.<\/p>\n<p><strong>Empf\u00e4nger ihrer Daten<\/strong><br \/>\nWir \u00fcbermitteln Ihre Daten nur dann an Dritte, wenn dies gesetzlich erlaubt ist oder Sie eingewilligt haben. Empf\u00e4nger Ihrer personenbezogenen Daten k\u00f6nnen vor allem andere \u00c4rzte\/Psychotherapeuten, Kassen\u00e4rztlichen Vereinigungen, Krankenkassen, der medizinische Dienst der Krankenversicherung, \u00c4rztekammern und privat\u00e4rztliche Verrechnungsstellen sein. Die \u00dcbermittlung erfolgt \u00fcberwiegend zum Zwecke der Abrechnung der bei Ihnen erbrachten Leistungen, zur Kl\u00e4rung von medizinischen und sich aus dem Versicherungsverh\u00e4ltnis ergebenden Fragen. Im Einzelfall erfolgt die \u00dcbermittlung von Daten an weitere berechtigte Empf\u00e4nger.<br \/>\nSpeicherung Ihrer Daten<br \/>\nWir bewahren Ihre Daten nur solange auf, wie dies f\u00fcr die Durchf\u00fchrung Ihrer Behandlung erforderlich ist. Aufgrund rechtlicher Vorgaben sind wir dazu verpflichtet, diese Daten mindestens 10 Jahre nach Abschluss der Behandlung aufzubewahren.<br \/>\nIhre Rechte<br \/>\nSie haben das Recht, \u00fcber die Sie betreffenden personenbezogenen Daten Auskunft zu erhalten. Auch k\u00f6nnen Sie die Berichtigung unrichtiger Daten verlangen. Dar\u00fcber hinaus steht Ihnen unter bestimmten Voraussetzungen das Recht der L\u00f6schung von Daten, das Recht auf Einschr\u00e4nkung der Datenverarbeitung sowie das Recht auf Daten\u00fcbertragung zu. Die Verarbeitung Ihrer Daten erfolgt auf Basis von gesetzlichen Regelungen. Nur in Ausnahmef\u00e4llen ben\u00f6tigen wir Ihr Einverst\u00e4ndnis. In diesen F\u00e4llen haben Sie das Recht, die Einwilligung f\u00fcr die zuk\u00fcnftige Vereinbarung zu widerrufen. Sie haben ferner das Recht, sich bei der zust\u00e4ndigen Aufsichtsbeh\u00f6rde f\u00fcr den Datenschutz zu beschweren, wenn Sie der Ansicht sind, dass die Vereinbarung Ihrer personen-bezogenen Daten nicht rechtm\u00e4\u00dfig erfolgt.<br \/>\nDie Anschrift der f\u00fcr uns zust\u00e4ndigen Aufsichtsbeh\u00f6rde lautet:<br \/>\n<strong>Berliner Beauftragte f\u00fcr Datenschutz und Informationsfreiheit<\/strong> \u2028Friedrichstr. 219; 10969 Berlin\u2028Besuchereingang: Puttkamerstr. 16 \u2013 18 (5. Etage)<br \/>\nTelefon: 030 13889-0 \u00a0\u00a0 \u00a0Telefax: 030 2155050 \u00a0\u00a0 \u00a0E-Mail: mailbox@datenschutz-berlin.de<\/p>\n<p><strong>Rechtliche Grundlagen<\/strong><br \/>\nRechtsgrundlage f\u00fcr die Verarbeitung der Daten ist Artikel 9 Absatz 2 lit. h) DSGVO in Verbindung mit Paragraph 22 Absatz 1 Nr. 1 lit. b) Bundesdatenschutzgesetz. Sollten Sie Fragen haben, k\u00f6nnen Sie sich gerne an uns wenden.<br \/>\nKontakt:<br \/>\nGemeinschaftspraxis<br \/>\nFrauen\u00e4rztinnen K\u00f6penick<\/p>\n<p>Dr. med. Riedewald<br \/>\nDr. med. Siddiqui<\/p>\n<div class=\"hr_jobs meta\">Fach\u00e4rztinnen f\u00fcr Frauenheilkunde und Geburtshilfe<\/div>\n<div class=\"meta gold\">Naturheilverfahren<\/div>\n<div class=\"hr_address meta\">Mahlsdorfer Str. 106 | 107<br \/>\n12555 Berlin-K\u00f6penick<br \/>\nTel: 030. 657 29 69<br \/>\nFax: 030. 64 16 70 44<\/div>\n<p>E-Mail:<a class=\"hr_email\" href=\"http:\/\/frauen%C3%A4rztinnen-k%C3%B6penick.de\/new\/info@frauen%C3%A4rztinnen-k%C3%B6penick.de\">info@frauen\u00e4rztinnen-k\u00f6penick.de<\/a><\/p>\n<p><strong>Datenschutzbeauftragter:\u00a0 Jochen Jaworski<\/strong><\/p>\n","protected":false},"excerpt":{"rendered":"<p>Datenschutzerkl\u00e4rung Verantwortliche Stelle im Sinne der Datenschutzgesetze ist: Gemeinschaftspraxis Frauen\u00e4rztinnen K\u00f6penick Dr. med. Riedewald Dr. med. Siddiqui Fach\u00e4rztinnen f\u00fcr Frauenheilkunde und Geburtshilfe Naturheilverfahren Mahlsdorfer Str. 106 | 107 12555 Berlin-K\u00f6penick Tel: 030. 657 29 69 Fax: 030. 64 16 70 44 info@frauen\u00e4rztinnen-k\u00f6penick.de Datenschutzbeauftragter:\u00a0 Jochen Jaworski Erfassung allgemeiner Informationen Wenn Sie auf unsere Webseite zugreifen, werden [&hellip;]<\/p>\n","protected":false},"author":1,"featured_media":0,"parent":24,"menu_order":0,"comment_status":"closed","ping_status":"closed","template":"page_no_image.php","meta":{"footnotes":""},"_links":{"self":[{"href":"https:\/\/xn--frauenrztinnen-kpenick-54b65b.de\/new\/wp-json\/wp\/v2\/pages\/728"}],"collection":[{"href":"https:\/\/xn--frauenrztinnen-kpenick-54b65b.de\/new\/wp-json\/wp\/v2\/pages"}],"about":[{"href":"https:\/\/xn--frauenrztinnen-kpenick-54b65b.de\/new\/wp-json\/wp\/v2\/types\/page"}],"author":[{"embeddable":true,"href":"https:\/\/xn--frauenrztinnen-kpenick-54b65b.de\/new\/wp-json\/wp\/v2\/users\/1"}],"replies":[{"embeddable":true,"href":"https:\/\/xn--frauenrztinnen-kpenick-54b65b.de\/new\/wp-json\/wp\/v2\/comments?post=728"}],"version-history":[{"count":16,"href":"https:\/\/xn--frauenrztinnen-kpenick-54b65b.de\/new\/wp-json\/wp\/v2\/pages\/728\/revisions"}],"predecessor-version":[{"id":1711,"href":"https:\/\/xn--frauenrztinnen-kpenick-54b65b.de\/new\/wp-json\/wp\/v2\/pages\/728\/revisions\/1711"}],"up":[{"embeddable":true,"href":"https:\/\/xn--frauenrztinnen-kpenick-54b65b.de\/new\/wp-json\/wp\/v2\/pages\/24"}],"wp:attachment":[{"href":"https:\/\/xn--frauenrztinnen-kpenick-54b65b.de\/new\/wp-json\/wp\/v2\/media?parent=728"}],"curies":[{"name":"wp","href":"https:\/\/api.w.org\/{rel}","templated":true}]}}