{"id":810,"date":"2018-07-16T12:16:47","date_gmt":"2018-07-16T10:16:47","guid":{"rendered":"http:\/\/xn--frauenrztinnen-kpenick-54b65b.de\/new\/?page_id=810"},"modified":"2025-10-30T16:26:30","modified_gmt":"2025-10-30T15:26:30","slug":"natalie-medrano","status":"publish","type":"page","link":"https:\/\/xn--frauenrztinnen-kpenick-54b65b.de\/new\/praxis\/aerztinnen\/natalie-medrano\/","title":{"rendered":"Natalie Medrano"},"content":{"rendered":"<p><a href=\"http:\/\/xn--frauenrztinnen-kpenick-54b65b.de\/new\/wp-content\/uploads\/2025\/10\/nat_4771-Kopie.jpg\" rel=\"attachment wp-att-790\"><img decoding=\"async\" loading=\"lazy\" class=\"alignnone wp-image-1744 size-medium\" src=\"http:\/\/xn--frauenrztinnen-kpenick-54b65b.de\/new\/wp-content\/uploads\/2025\/10\/nat_4771-Kopie-201x300.jpg\" alt=\"\" width=\"201\" height=\"300\" srcset=\"https:\/\/xn--frauenrztinnen-kpenick-54b65b.de\/new\/wp-content\/uploads\/2025\/10\/nat_4771-Kopie-201x300.jpg 201w, https:\/\/xn--frauenrztinnen-kpenick-54b65b.de\/new\/wp-content\/uploads\/2025\/10\/nat_4771-Kopie.jpg 477w\" sizes=\"(max-width: 201px) 100vw, 201px\" \/><\/a><br \/>\nStudium der Humanmedizin\u00a0 2002-2009 an der Georg-August-Universit\u00e4t-G\u00f6ttingen<br \/>\n2009 Approbation \u00c4rztin<br \/>\n2010-2011 \u00c4rztin in Weiterbildung in der Gyn\u00e4kologie und Geburtshilfe im Klinikum Magdeburg<br \/>\n2011-2012 \u00c4rztin in Weiterbildung in der Gyn\u00e4kologie und Geburtshilfe im Sana Klinikum Lichtenberg<br \/>\n2012 psychosomatische Grundversorgung<br \/>\n2012-2018 \u00c4rztin in Weiterbildung in der Gyn\u00e4kologie und Geburtshilfe im Krankenhaus Strausberg<br \/>\n2016 Kurs Gendiagnostik<br \/>\n2014 Dopplersonographie (DEGUM)<br \/>\n2018 Kolposkopie-Diplom nach den Richtlinien von AG\u00a0 CPC und BVF<\/p>\n<p>2018-2020 \u00c4rztin in Weiterbildung in der Gyn\u00e4kologie (&#8222;Frauen\u00e4rztinnen K\u00f6penick&#8220;)<\/p>\n<p><strong>Seit M\u00e4rz 2020 Fach\u00e4rztin f\u00fcr Gyn\u00e4kologie und Geburtshilfe<\/strong><\/p>\n<p>Verheiratet, 2 Kinder<\/p>\n<p><strong>Mitgliedschaften:<\/strong><br \/>\n\u00c4rztekammer Berlin<\/p>\n<p>Deutsche Gesellschaft f\u00fcr Gyn\u00e4kologie und Geburtshilfe (DGGG)<\/p>\n<p>Berufsverband der Frauen\u00e4rzte (BdF)<\/p>\n","protected":false},"excerpt":{"rendered":"<p>Studium der Humanmedizin\u00a0 2002-2009 an der Georg-August-Universit\u00e4t-G\u00f6ttingen 2009 Approbation \u00c4rztin 2010-2011 \u00c4rztin in Weiterbildung in der Gyn\u00e4kologie und Geburtshilfe im Klinikum Magdeburg 2011-2012 \u00c4rztin in Weiterbildung in der Gyn\u00e4kologie und Geburtshilfe im Sana Klinikum Lichtenberg 2012 psychosomatische Grundversorgung 2012-2018 \u00c4rztin in Weiterbildung in der Gyn\u00e4kologie und Geburtshilfe im Krankenhaus Strausberg 2016 Kurs Gendiagnostik 2014 Dopplersonographie [&hellip;]<\/p>\n","protected":false},"author":2,"featured_media":0,"parent":42,"menu_order":7,"comment_status":"closed","ping_status":"closed","template":"doctors.php","meta":{"footnotes":""},"_links":{"self":[{"href":"https:\/\/xn--frauenrztinnen-kpenick-54b65b.de\/new\/wp-json\/wp\/v2\/pages\/810"}],"collection":[{"href":"https:\/\/xn--frauenrztinnen-kpenick-54b65b.de\/new\/wp-json\/wp\/v2\/pages"}],"about":[{"href":"https:\/\/xn--frauenrztinnen-kpenick-54b65b.de\/new\/wp-json\/wp\/v2\/types\/page"}],"author":[{"embeddable":true,"href":"https:\/\/xn--frauenrztinnen-kpenick-54b65b.de\/new\/wp-json\/wp\/v2\/users\/2"}],"replies":[{"embeddable":true,"href":"https:\/\/xn--frauenrztinnen-kpenick-54b65b.de\/new\/wp-json\/wp\/v2\/comments?post=810"}],"version-history":[{"count":16,"href":"https:\/\/xn--frauenrztinnen-kpenick-54b65b.de\/new\/wp-json\/wp\/v2\/pages\/810\/revisions"}],"predecessor-version":[{"id":1745,"href":"https:\/\/xn--frauenrztinnen-kpenick-54b65b.de\/new\/wp-json\/wp\/v2\/pages\/810\/revisions\/1745"}],"up":[{"embeddable":true,"href":"https:\/\/xn--frauenrztinnen-kpenick-54b65b.de\/new\/wp-json\/wp\/v2\/pages\/42"}],"wp:attachment":[{"href":"https:\/\/xn--frauenrztinnen-kpenick-54b65b.de\/new\/wp-json\/wp\/v2\/media?parent=810"}],"curies":[{"name":"wp","href":"https:\/\/api.w.org\/{rel}","templated":true}]}}