{"id":9,"date":"2015-06-25T11:08:11","date_gmt":"2015-06-25T09:08:11","guid":{"rendered":"http:\/\/xn--frauenrztinnen-kpenick-54b65b.de\/new\/?page_id=9"},"modified":"2020-01-07T23:14:30","modified_gmt":"2020-01-07T22:14:30","slug":"hebammenbetreuung","status":"publish","type":"page","link":"https:\/\/xn--frauenrztinnen-kpenick-54b65b.de\/new\/schwangerschaft\/hebammenbetreuung\/","title":{"rendered":"Hebammensprechstunde"},"content":{"rendered":"<p>Die traditionelle Aufgabe der Hebamme ist die Betreuung der Frauen w\u00e4hrend unkomplizierter Schwangerschaft,<br \/>\nGeburt und Wochenbett.<\/p>\n<p>Wir stellen unseren Praxisr\u00e4umen selbst\u00e4ndig arbeitenden Hebammen zur Verf\u00fcgung, die Sie bis zur Geburt und danach im Wochenbett betreuen.<\/p>\n<h4><strong>Kurse hier in der Praxis der \u201eFrauen\u00e4rztinnen K\u00f6penick\u201c:<\/strong><\/h4>\n<h3><strong>Geburtsvorbereitungs- und R\u00fcckbildungsgymnastikkurse<\/strong><\/h3>\n<p><strong>In Gemeinschaft, macht es einfach mehr Spa\u00df etwas f\u00fcr den K\u00f6rper zu tun. <\/strong><\/p>\n<p>Regelm\u00e4\u00dfig f\u00fchren unsere Hebammen Kurse f\u00fcr Schwangere (auch f\u00fcr die Partner*innen) oder f\u00fcr die Frauen nach der Geburt in den R\u00e4umen unserer Praxis durch.<\/p>\n<p>Termine f\u00fcr die Kurse finden Sie unter &#8222;AKTUELLES&#8220;.<\/p>\n<p>&nbsp;<\/p>\n<p>&nbsp;<\/p>\n","protected":false},"excerpt":{"rendered":"<p>Die traditionelle Aufgabe der Hebamme ist die Betreuung der Frauen w\u00e4hrend unkomplizierter Schwangerschaft, Geburt und Wochenbett. Wir stellen unseren Praxisr\u00e4umen selbst\u00e4ndig arbeitenden Hebammen zur Verf\u00fcgung, die Sie bis zur Geburt und danach im Wochenbett betreuen. Kurse hier in der Praxis der \u201eFrauen\u00e4rztinnen K\u00f6penick\u201c: Geburtsvorbereitungs- und R\u00fcckbildungsgymnastikkurse In Gemeinschaft, macht es einfach mehr Spa\u00df etwas f\u00fcr [&hellip;]<\/p>\n","protected":false},"author":1,"featured_media":0,"parent":7,"menu_order":50,"comment_status":"open","ping_status":"closed","template":"page_no_image.php","meta":{"footnotes":""},"_links":{"self":[{"href":"https:\/\/xn--frauenrztinnen-kpenick-54b65b.de\/new\/wp-json\/wp\/v2\/pages\/9"}],"collection":[{"href":"https:\/\/xn--frauenrztinnen-kpenick-54b65b.de\/new\/wp-json\/wp\/v2\/pages"}],"about":[{"href":"https:\/\/xn--frauenrztinnen-kpenick-54b65b.de\/new\/wp-json\/wp\/v2\/types\/page"}],"author":[{"embeddable":true,"href":"https:\/\/xn--frauenrztinnen-kpenick-54b65b.de\/new\/wp-json\/wp\/v2\/users\/1"}],"replies":[{"embeddable":true,"href":"https:\/\/xn--frauenrztinnen-kpenick-54b65b.de\/new\/wp-json\/wp\/v2\/comments?post=9"}],"version-history":[{"count":19,"href":"https:\/\/xn--frauenrztinnen-kpenick-54b65b.de\/new\/wp-json\/wp\/v2\/pages\/9\/revisions"}],"predecessor-version":[{"id":1002,"href":"https:\/\/xn--frauenrztinnen-kpenick-54b65b.de\/new\/wp-json\/wp\/v2\/pages\/9\/revisions\/1002"}],"up":[{"embeddable":true,"href":"https:\/\/xn--frauenrztinnen-kpenick-54b65b.de\/new\/wp-json\/wp\/v2\/pages\/7"}],"wp:attachment":[{"href":"https:\/\/xn--frauenrztinnen-kpenick-54b65b.de\/new\/wp-json\/wp\/v2\/media?parent=9"}],"curies":[{"name":"wp","href":"https:\/\/api.w.org\/{rel}","templated":true}]}}