{"id":92,"date":"2015-07-14T10:26:27","date_gmt":"2015-07-14T08:26:27","guid":{"rendered":"http:\/\/xn--frauenrztinnen-kpenick-54b65b.de\/new\/?page_id=92"},"modified":"2025-08-19T13:00:26","modified_gmt":"2025-08-19T11:00:26","slug":"erweiterte-vorsogeuntersuchungen","status":"publish","type":"page","link":"https:\/\/xn--frauenrztinnen-kpenick-54b65b.de\/new\/gynaekologie\/erweiterte-vorsogeuntersuchungen\/","title":{"rendered":"Erweiterte Vorsorge"},"content":{"rendered":"<p>Wir bieten neben der gyn\u00e4kologischen Vorsorge weiterf\u00fchrende Untersuchungen an, die nicht Bestandteil allgemeiner Kassenleistungen sind und nach den Vorgaben der GO\u00c4 (Geb\u00fchrenordnung f\u00fcr \u00c4rzte) verg\u00fctet werden.<br \/>\n<!--more--><\/p>\n<p><strong> Ultraschalluntersuchung des Beckens<\/strong><br \/>\nDie Tastuntersuchung des Beckens ist eine frauen\u00e4rztliche Routinema\u00dfnahme. Ihre Aussagekraft ist jedoch bei \u00fcbergewichtigen Frauen, bei Frauen mit straffen Bauchdecken und bei Verlagerung der Organe \u00e4u\u00dferst eingeschr\u00e4nkt. Auch bei allen anderen Frauen bietet die Ultraschalluntersuchung mehr Erkenntnis als die Tastuntersuchung alleine.<br \/>\nSelbst Krebserkrankungen k\u00f6nnen unter Umst\u00e4nden entdeckt werden, bevor sie, oft erst im Sp\u00e4tstadium, Beschwerden bereiten. Auch Schleimhautver\u00e4nderungen, Zysten, Myome\u00a0 und Lagever\u00e4nderungen der Geb\u00e4rmutter \/ Blase werden fr\u00fchzeitig entdeckt.<\/p>\n<p><strong>Erweiterter Zellabstrich (Thin Prep)<\/strong><br \/>\nDer thin prep wurde entwickelt, um die bei herk\u00f6mmlichen Krebsabstrichen auftretenden Probleme, wie Zell\u00fcberlagerungen zu verringern. Bei dieser Methode\u00a0 wird mit Hilfe von Mikrofiltern ein reines, klares Zellbild geschaffen als optimale Voraussetzung f\u00fcr die Beurteilung der Zellabstriche.<\/p>\n<p><strong>Untersuchung auf Infektion mit HP-Viren<\/strong><br \/>\nEin Abstrich um Humane Papillomaviren (HPV) am Muttermund zu entdecken, geh\u00f6rt nur bei auff\u00e4lliger Befunden bzw. bei Frauen ab 35 Jahren zu den Leistungen der Krankenkassen.<\/p>\n<p><strong>Ultraschall der Brust<\/strong><br \/>\nZus\u00e4tzlich bieten wir Ihnen eine Ultraschalldiagnostik der Brust mit hochaufl\u00f6senden Ger\u00e4ten.<br \/>\nDie Ultraschalluntersuchung kann bei j\u00fcngeren Frauen auff\u00e4llige Tastbefunde abkl\u00e4ren und ggf. eine R\u00f6ntgenuntersuchung vermeiden helfen. Bei \u00e4lteren Frauen ist sie eine Erg\u00e4nzung zur Mammographie.<br \/>\nDie Untersuchung ist strahlungs- und schmerzfrei und wird als Wunschleistung angeboten.<br \/>\nDie Leitlinie der Deutschen Gesellschaft f\u00fcr Senologie, unterst\u00fctzt von der Deutschen Krebsgesellschaft empfiehlt<br \/>\nbei mittlerer und hoher Brustdichte (vor allem bei jungen Frauen) zus\u00e4tzlich zur Mammographie eine<br \/>\nUltraschalluntersuchung der Brust, da die alleinige radiologische Diagnostik zu keinem zuverl\u00e4ssigen Ergebnis f\u00fchrt.<\/p>\n<p><strong>Beckenbodencheck<\/strong><br \/>\nWir kommen alle inkontinent auf die Welt und viele von uns gehen auch wieder inkontinent. Aber wie lange wir dazwischen Darm und Blase gut kontrollieren k\u00f6nnen, h\u00e4ngt ganz wesentlich von der Beschaffenheit des<br \/>\nBeckenbodens, dem Bindegewebe und der Muskulatur ab. Es gibt viele Faktoren, die beeinflusst werden k\u00f6nnen<br \/>\ndamit man m\u00f6glichst lange seine Blase gut kontrollieren kann und nicht von seiner Blase kontrolliert wird,<br \/>\nwie es vielen Frauen \u2013 oft schon in jungen Jahren \u2013 geht. Der Beckenbodencheck sucht nach Ihrem individuellen<br \/>\nRisiko eine Senkung oder Inkontinenz zu entwickeln.<br \/>\n<strong><br \/>\n<\/strong><\/p>\n<p><strong>Sexuell \u00fcbertragbare Erkrankungen:<\/strong><\/p>\n<p><strong>Chlamydien<\/strong><br \/>\nChlamydien sind kleinste Bakterien, die Eileiterentz\u00fcndungen mit anschlie\u00dfender Unfruchtbarkeit verursachen k\u00f6nnen.<br \/>\nDie gesetzlichen Krankenkassen bezahlen einmal j\u00e4hrlich eine Untersuchung f\u00fcr Frauen unter 25 Jahren und f\u00fcr<br \/>\nSchwangere jeden Alters. F\u00fcr Frauen \u00fcber 25 Jahren bieten wir den Test als Wunschleistung an.<\/p>\n<p><strong>Untersuchungen auf HIV und\/oder Syphilis (Lues)<\/strong> werden nur im Rahmen einer Schwangerschaft von den Krankenkassen bezahlt.<br \/>\nAu\u00dferhalb der Schwangerschaft bieten wir diese Untersuchungen (und andere: z.B. Gonorrhoe\/ \u201eTripper\u201c) in<br \/>\nZusammenarbeit mit unserem Labor als Wunschleistung an.<\/p>\n<p><strong>Impfung bei h\u00e4ufigen Infektionen:<\/strong><\/p>\n<p><strong>Gynatren<\/strong><br \/>\nIst eine Impfung mit inaktivierten Keimen verschiedener Lactobacillusst\u00e4mme (Standortflora der Scheide),<br \/>\ndie die Schleimhaut der Scheide vor Infektionen sch\u00fctzen.<\/p>\n<p><strong>Strovac<\/strong><br \/>\nDurch eine Impfung mit inaktivierten Bakterien (Enterobakterien) werden h\u00e4ufig auftretende Blasenentz\u00fcndungen behandelt und kommen so zur Ausheilung.<\/p>\n","protected":false},"excerpt":{"rendered":"<p>Wir bieten neben der gyn\u00e4kologischen Vorsorge weiterf\u00fchrende Untersuchungen an, die nicht Bestandteil allgemeiner Kassenleistungen sind und nach den Vorgaben der GO\u00c4 (Geb\u00fchrenordnung f\u00fcr \u00c4rzte) verg\u00fctet werden.<\/p>\n","protected":false},"author":2,"featured_media":0,"parent":5,"menu_order":35,"comment_status":"open","ping_status":"closed","template":"page_no_image.php","meta":{"footnotes":""},"_links":{"self":[{"href":"https:\/\/xn--frauenrztinnen-kpenick-54b65b.de\/new\/wp-json\/wp\/v2\/pages\/92"}],"collection":[{"href":"https:\/\/xn--frauenrztinnen-kpenick-54b65b.de\/new\/wp-json\/wp\/v2\/pages"}],"about":[{"href":"https:\/\/xn--frauenrztinnen-kpenick-54b65b.de\/new\/wp-json\/wp\/v2\/types\/page"}],"author":[{"embeddable":true,"href":"https:\/\/xn--frauenrztinnen-kpenick-54b65b.de\/new\/wp-json\/wp\/v2\/users\/2"}],"replies":[{"embeddable":true,"href":"https:\/\/xn--frauenrztinnen-kpenick-54b65b.de\/new\/wp-json\/wp\/v2\/comments?post=92"}],"version-history":[{"count":42,"href":"https:\/\/xn--frauenrztinnen-kpenick-54b65b.de\/new\/wp-json\/wp\/v2\/pages\/92\/revisions"}],"predecessor-version":[{"id":1688,"href":"https:\/\/xn--frauenrztinnen-kpenick-54b65b.de\/new\/wp-json\/wp\/v2\/pages\/92\/revisions\/1688"}],"up":[{"embeddable":true,"href":"https:\/\/xn--frauenrztinnen-kpenick-54b65b.de\/new\/wp-json\/wp\/v2\/pages\/5"}],"wp:attachment":[{"href":"https:\/\/xn--frauenrztinnen-kpenick-54b65b.de\/new\/wp-json\/wp\/v2\/media?parent=92"}],"curies":[{"name":"wp","href":"https:\/\/api.w.org\/{rel}","templated":true}]}}